{"id":1152,"date":"2022-04-26T14:48:00","date_gmt":"2022-04-26T14:48:00","guid":{"rendered":"https:\/\/sofdi-group.com\/conditions-dutilisation\/"},"modified":"2024-06-18T08:13:36","modified_gmt":"2024-06-18T08:13:36","slug":"termos-de-uso","status":"publish","type":"page","link":"https:\/\/sofdi-group.com\/pt-pt\/termos-de-uso\/","title":{"rendered":"Termos de utiliza\u00e7\u00e3o"},"content":{"rendered":"\t\t<div data-elementor-type=\"wp-page\" data-elementor-id=\"1152\" class=\"elementor elementor-1152 elementor-504\" data-elementor-post-type=\"page\">\n\t\t\t\t\t\t<section class=\"elementor-section elementor-top-section elementor-element elementor-element-59ffd73 elementor-section-full_width elementor-section-height-min-height elementor-section-content-middle elementor-section-height-default elementor-section-items-middle\" data-id=\"59ffd73\" data-element_type=\"section\" data-e-type=\"section\" data-settings=\"{&quot;background_background&quot;:&quot;classic&quot;}\">\n\t\t\t\t\t\t<div class=\"elementor-container elementor-column-gap-default\">\n\t\t\t\t\t<div class=\"elementor-column elementor-col-100 elementor-top-column elementor-element elementor-element-2947c4d\" data-id=\"2947c4d\" data-element_type=\"column\" data-e-type=\"column\">\n\t\t\t<div class=\"elementor-widget-wrap elementor-element-populated\">\n\t\t\t\t\t\t<div class=\"elementor-element elementor-element-ef3b48e elementor-widget elementor-widget-heading\" data-id=\"ef3b48e\" data-element_type=\"widget\" data-e-type=\"widget\" data-widget_type=\"heading.default\">\n\t\t\t\t<div class=\"elementor-widget-container\">\n\t\t\t\t\t<h1 class=\"elementor-heading-title elementor-size-default\">Termos gerais  <br>  e condi\u00e7\u00f5es<\/h1>\t\t\t\t<\/div>\n\t\t\t\t<\/div>\n\t\t\t\t\t<\/div>\n\t\t<\/div>\n\t\t\t\t\t<\/div>\n\t\t<\/section>\n\t\t\t\t<section class=\"elementor-section elementor-top-section elementor-element elementor-element-3af82ffa elementor-section-boxed elementor-section-height-default elementor-section-height-default\" data-id=\"3af82ffa\" data-element_type=\"section\" data-e-type=\"section\">\n\t\t\t\t\t\t<div class=\"elementor-container elementor-column-gap-default\">\n\t\t\t\t\t<div class=\"elementor-column elementor-col-100 elementor-top-column elementor-element elementor-element-50157f77\" data-id=\"50157f77\" data-element_type=\"column\" data-e-type=\"column\">\n\t\t\t<div class=\"elementor-widget-wrap elementor-element-populated\">\n\t\t\t\t\t\t<div class=\"elementor-element elementor-element-6e0101e elementor-widget elementor-widget-text-editor\" data-id=\"6e0101e\" data-element_type=\"widget\" data-e-type=\"widget\" data-widget_type=\"text-editor.default\">\n\t\t\t\t<div class=\"elementor-widget-container\">\n\t\t\t\t\t\t\t\t\t<div class=\"row\">\n<div class=\"col-12\">\n<div class=\"row\">\n<div class=\"col-12\">\n<p>A partir de 1 de janeiro de 2021<\/p>\n<p><em style=\"font-family: var( --e-global-typography-text-font-family ), Sans-serif; font-size: var( --e-global-typography-text-font-size ); font-weight: var( --e-global-typography-text-font-weight );\"> <\/em><\/p>\n<p>O objetivo das presentes condi\u00e7\u00f5es gerais de utiliza\u00e7\u00e3o (designadas por &#8220;GTU&#8221;) \u00e9 fornecer um quadro jur\u00eddico para os termos e condi\u00e7\u00f5es de fornecimento do s\u00edtio e dos servi\u00e7os por  <br \/>www.sofdi-group.com e para definir as condi\u00e7\u00f5es de acesso e de utiliza\u00e7\u00e3o dos servi\u00e7os pelo &#8220;Utilizador&#8221;. Os actuais GTU est\u00e3o acess\u00edveis no s\u00edtio sob o t\u00edtulo &#8220;GTU&#8221;.<\/p>\n<p>O GTU deve ser aceite por qualquer utilizador que pretenda aceder ao s\u00edtio. Constituem o contrato entre o s\u00edtio e o Utilizador. O acesso ao s\u00edtio pelo Utilizador significa a sua aceita\u00e7\u00e3o das presentes CGU. O Utilizador compromete-se a respeitar as presentes condi\u00e7\u00f5es.<\/p>\n<p>Qualquer registo ou utiliza\u00e7\u00e3o do s\u00edtio implica a aceita\u00e7\u00e3o, sem qualquer reserva ou restri\u00e7\u00e3o, dos presentes TdS pelo utilizador. Ao registar-se no site atrav\u00e9s do Formul\u00e1rio de Registo, cada utilizador aceita expressamente as presentes CGU, assinalando a caixa que precede o texto seguinte: &#8220;Reconhe\u00e7o que li e compreendi as CGU e aceito-as&#8221;.<\/p>\n<p>Em caso de n\u00e3o aceita\u00e7\u00e3o dos TGU estipulados no presente contrato, o Utilizador deve renunciar ao acesso aos servi\u00e7os oferecidos pelo site <em>www.sofdi-group.com<\/em> reserva-se o direito de modificar unilateralmente e a qualquer momento o conte\u00fado dos presentes TGU.<\/p>\n<h3> <\/h3>\n<h3>ARTIGO 1 : Men\u00e7\u00f5es legais<\/h3>\n<p><em> <br \/><\/em>A edi\u00e7\u00e3o do s\u00edtio  <em>www.sofdi-group.com <\/em>\u00e9 assegurado pela Empresa  <em>Sofdi SARL <\/em>com o capital de  <em>150 000\u20ac<\/em>, registados no RCS de  <em>Nanterre <\/em>com o n\u00famero  <em>424 982 080 <\/em>, cujo escrit\u00f3rio central est\u00e1 situado em  <em>  27 rue foucher Lepelletier 92130 Issy-Les-Moulineaux, 01 46 62 09 71, support@sofdi-group.com.  <br \/><\/em>N\u00famero de IVA intracomunit\u00e1rio :  <em>FR77 424 982 080.<\/em><\/p>\n<p>O diretor da publica\u00e7\u00e3o \u00e9 <em>Prune Maury-Laribi\u00e8re.<\/em><\/p>\n<p>O anfitri\u00e3o do s\u00edtio <em>www.sofdi-group.com <\/em>\u00e9 a sociedade OVH, com um capital de 10 069 020\u20ac, registada no RCS de <em>Lille <\/em>sob o n\u00famero 424 761 419 00045<em>, <\/em>com sede social em 2 rue Kellermann &#8211; 59100 Roubaix &#8211; Fran\u00e7a.<\/p>\n<h3> <\/h3>\n<h3>ARTIGO 2 : Acesso ao s\u00edtio<\/h3>\n<p>O site <em>www.sofdi-group<\/em>.com permite ao Utilizador um acesso gratuito aos seguintes servi\u00e7os: <em><br \/><\/em>a apresenta\u00e7\u00e3o da marca Waxoyl e dos diferentes produtos distribu\u00eddos pela Sofdi.<\/p>\n<p>O s\u00edtio \u00e9 acess\u00edvel gratuitamente em qualquer local a qualquer utilizador com acesso \u00e0 Internet. Todos os custos incorridos pelo Utilizador para aceder ao servi\u00e7o (material inform\u00e1tico, software, liga\u00e7\u00e3o \u00e0 Internet, etc.) ficam a seu cargo.<\/p>\n<p><em>A \u00e1rea de membros :<\/em><\/p>\n<p>O utilizador n\u00e3o membro n\u00e3o tem acesso aos servi\u00e7os reservados. Estes servi\u00e7os s\u00f3 s\u00e3o acess\u00edveis aos comerciantes que tenham solicitado a cria\u00e7\u00e3o de um espa\u00e7o pessoal.<\/p>\n<p>O Utilizador \u00e9 respons\u00e1vel pela atualiza\u00e7\u00e3o das informa\u00e7\u00f5es fornecidas. \u00c9-lhe indicado que pode modific\u00e1-las ligando-se ao seu espa\u00e7o de membro.<\/p>\n<p>Para aceder aos servi\u00e7os, o Utilizador deve identificar-se utilizando o seu nome de utilizador e a sua palavra-passe que lhe ser\u00e3o comunicados ap\u00f3s a sua inscri\u00e7\u00e3o e que s\u00e3o estritamente pessoais. Como tal, est\u00e1 proibido de as divulgar. Caso contr\u00e1rio, ser\u00e1 o \u00fanico respons\u00e1vel pela utiliza\u00e7\u00e3o que lhes for dada.<\/p>\n<p>O Utilizador pode igualmente solicitar o cancelamento da sua inscri\u00e7\u00e3o enviando um e-mail para: <em>support@sofdi-group.com.<\/em> Este entrar\u00e1 em vigor dentro de um prazo razo\u00e1vel.<\/p>\n<p>Em caso de desrespeito das condi\u00e7\u00f5es gerais de venda e\/ou de utiliza\u00e7\u00e3o, o site <em>www.sofdi-group.com<\/em> tem a possibilidade de suspender ou mesmo de encerrar a conta de um Utilizador ap\u00f3s notifica\u00e7\u00e3o formal enviada por via eletr\u00f3nica e que ficou sem efeito.<\/p>\n<p>A elimina\u00e7\u00e3o da conta, seja qual for o motivo, implica a elimina\u00e7\u00e3o pura e simples de todas as informa\u00e7\u00f5es pessoais do Utilizador.<\/p>\n<p>Qualquer evento devido a um caso de necessidade absoluta tendo por consequ\u00eancia uma disfun\u00e7\u00e3o do s\u00edtio ou do servidor e sujeito a qualquer interrup\u00e7\u00e3o ou modifica\u00e7\u00e3o em caso de manuten\u00e7\u00e3o, n\u00e3o envolve a responsabilidade de www.sofdi-group.com. Nestes casos, o utilizador compromete-se a n\u00e3o responsabilizar o editor por qualquer interrup\u00e7\u00e3o ou suspens\u00e3o do servi\u00e7o, mesmo sem aviso pr\u00e9vio.<\/p>\n<p>O Utilizador tem a possibilidade de contactar o s\u00edtio por mensagem eletr\u00f3nica para o endere\u00e7o de correio eletr\u00f3nico do editor comunicado no ARTIGO 1.<\/p>\n<h3>ARTIGO 3 : Dados pessoais<\/h3>\n<p>O s\u00edtio assegura ao Utilizador uma recolha e um tratamento de informa\u00e7\u00f5es pessoais no respeito da vida privada, em conformidade com a lei n\u00b078-17 de 6 de janeiro de 1978 relativa ao tratamento de dados, aos ficheiros e \u00e0s liberdades. O s\u00edtio \u00e9 declarado \u00e0 CNIL.<\/p>\n<p>Nos termos da Lei de Prote\u00e7\u00e3o de Dados de 6 de janeiro de 1978, o Utilizador tem o direito de aceder, retificar, apagar e opor-se aos seus dados pessoais. O Utilizador exerce este direito :<\/p>\n<ul>\n<li>por correio eletr\u00f3nico para o <em>endere\u00e7o indicado no artigo I<\/em><\/li>\n<li>por correio para o <em>endere\u00e7o da sede social<\/em><\/li>\n<\/ul>\n<h3> <\/h3>\n<h3>ARTIGO 4 : Propriedade intelectual<\/h3>\n<p>As marcas, log\u00f3tipos, sinais, bem como todos os conte\u00fados do site (textos, imagens, som&#8230;) s\u00e3o objeto de uma prote\u00e7\u00e3o pelo C\u00f3digo da propriedade intelectual e mais particularmente pelos direitos de autor.<\/p>\n<p>O Utilizador deve pedir autoriza\u00e7\u00e3o pr\u00e9via ao site para qualquer reprodu\u00e7\u00e3o, publica\u00e7\u00e3o ou c\u00f3pia dos v\u00e1rios conte\u00fados. O Utilizador compromete-se a utilizar os conte\u00fados do s\u00edtio num contexto estritamente privado; qualquer utiliza\u00e7\u00e3o para fins comerciais ou publicit\u00e1rios \u00e9 estritamente proibida.<\/p>\n<p>Qualquer representa\u00e7\u00e3o total ou parcial deste s\u00edtio por qualquer processo, sem a autoriza\u00e7\u00e3o expressa do operador do s\u00edtio, constituiria uma infra\u00e7\u00e3o pun\u00edvel pelo artigo L 335-2 e seguintes do C\u00f3digo da Propriedade Intelectual.<\/p>\n<p>Recorda, em conformidade com o artigo L122-5 do C\u00f3digo da Propriedade Intelectual, que o Utilizador que reproduz, copia ou publica o conte\u00fado protegido deve citar o autor e a sua fonte.<\/p>\n<h3>ARTIGO 5 : Responsabilidade<\/h3>\n<p>As fontes de informa\u00e7\u00e3o divulgadas no s\u00edtio <em>www.sofdi-group.com<\/em> s\u00e3o consideradas fi\u00e1veis, mas o s\u00edtio n\u00e3o garante que estejam isentas de defeitos, erros ou omiss\u00f5es.<\/p>\n<p>As informa\u00e7\u00f5es comunicadas s\u00e3o apresentadas a t\u00edtulo indicativo e geral, sem valor contratual. Apesar das actualiza\u00e7\u00f5es regulares, o s\u00edtio <em>www.sofdi-group.com<\/em> n\u00e3o pode ser responsabilizado por altera\u00e7\u00f5es das disposi\u00e7\u00f5es administrativas e jur\u00eddicas que ocorram ap\u00f3s a sua publica\u00e7\u00e3o. Do mesmo modo, o s\u00edtio n\u00e3o pode ser responsabilizado pela utiliza\u00e7\u00e3o e interpreta\u00e7\u00e3o das informa\u00e7\u00f5es contidas neste s\u00edtio.<\/p>\n<p>O Utilizador, preocupado com a \u00e1rea de membros, certifica-se de que mant\u00e9m a sua palavra-passe secreta. \u00c9 proibida a divulga\u00e7\u00e3o da palavra-passe, sob qualquer forma. Assume os riscos relacionados com a utiliza\u00e7\u00e3o do seu login e password. O s\u00edtio declina qualquer responsabilidade.<\/p>\n<p>O s\u00edtio <em>www.sofdi-group.com<\/em> n\u00e3o pode ser responsabilizado por quaisquer v\u00edrus que possam infetar o computador ou qualquer equipamento inform\u00e1tico do utilizador da Internet, na sequ\u00eancia da utiliza\u00e7\u00e3o, do acesso ou do descarregamento deste s\u00edtio.<\/p>\n<p>The responsibility of the site can not be engaged in case of force majeure or unforeseeable and insurmountable fact of a third party.<\/p>\n<h3>ARTIGO 6 : Liga\u00e7\u00f5es de hipertexto<\/h3>\n<p>Podes ter liga\u00e7\u00f5es de hipertexto no s\u00edtio. O Utilizador \u00e9 informado de que, ao clicar nestas liga\u00e7\u00f5es, sair\u00e1 do s\u00edtio <em>www.sofdi-group.com.<\/em> Esta \u00faltima n\u00e3o tem qualquer controlo sobre as p\u00e1ginas Web a que estas liga\u00e7\u00f5es conduzem e n\u00e3o pode, em caso algum, ser respons\u00e1vel pelo seu conte\u00fado.<\/p>\n<h3> <\/h3>\n<h3>ARTIGO 7 : Cookies<\/h3>\n<p>O utilizador \u00e9 informado de que, durante as suas visitas ao s\u00edtio, pode ser automaticamente instalado um cookie no seu software de navega\u00e7\u00e3o.<\/p>\n<p>Os cookies s\u00e3o pequenos ficheiros temporariamente armazenados no disco r\u00edgido do computador do Utilizador pelo seu navegador e que s\u00e3o necess\u00e1rios para a utiliza\u00e7\u00e3o do site www.waxoyl-france.com. Os cookies n\u00e3o cont\u00eam informa\u00e7\u00f5es pessoais e n\u00e3o podem ser utilizados para identificar ningu\u00e9m. Um cookie cont\u00e9m um identificador \u00fanico, gerado aleatoriamente e, portanto, an\u00f3nimo. Alguns cookies expiram no final da visita do Utilizador, outros permanecem.<\/p>\n<p>A informa\u00e7\u00e3o contida nos cookies \u00e9 utilizada para melhorar o s\u00edtio, por exemplo, atrav\u00e9s de :<\/p>\n<ul>\n<li>permitir que um servi\u00e7o reconhe\u00e7a o dispositivo do Utilizador, para que este n\u00e3o tenha de fornecer as mesmas informa\u00e7\u00f5es repetidamente, por exemplo, ao preencher um formul\u00e1rio ou um inqu\u00e9rito<\/li>\n<li>lembrando que o utilizador j\u00e1 forneceu o seu login e password, para que n\u00e3o tenhas de o fazer novamente em cada nova p\u00e1gina<\/li>\n<li>acompanhar a utiliza\u00e7\u00e3o dos servi\u00e7os pelos utilizadores, para facilitar a sua utiliza\u00e7\u00e3o e atribuir pot\u00eancia suficiente para garantir a sua capacidade de resposta<\/li>\n<li>Analisar dados &#8220;an\u00f3nimos&#8221; para ajudar a compreender como os utilizadores interagem com v\u00e1rios aspectos dos servi\u00e7os em linha e, assim, ajudar a melhor\u00e1-los.<\/li>\n<\/ul>\n<p>Ao navegar no s\u00edtio, o Utilizador aceita este facto. Na aus\u00eancia de aceita\u00e7\u00e3o, o Utilizador \u00e9 informado de que certas funcionalidades ou p\u00e1ginas podem ser recusadas.<\/p>\n<p>O Utilizador pode desativar este cookie utilizando as defini\u00e7\u00f5es do seu browser.<\/p>\n<h3> <\/h3>\n<h3>ARTIGO 8<em> <\/em>: Lei aplic\u00e1vel e jurisdi\u00e7\u00e3o  <\/h3>\n<p>O direito franc\u00eas aplica-se ao presente contrato. Em caso de n\u00e3o resolu\u00e7\u00e3o amig\u00e1vel de um lit\u00edgio entre as partes, os tribunais franceses s\u00e3o os \u00fanicos competentes.<\/p>\n<p>Para qualquer quest\u00e3o relacionada com a aplica\u00e7\u00e3o das presentes GTU, podes contactar o editor utilizando os dados de contacto indicados no ARTIGO 1<\/p>\n<\/div>\n<\/div>\n<\/div>\n<\/div>\n\t\t\t\t\t\t\t\t<\/div>\n\t\t\t\t<\/div>\n\t\t\t\t\t<\/div>\n\t\t<\/div>\n\t\t\t\t\t<\/div>\n\t\t<\/section>\n\t\t\t\t<\/div>\n\t\t","protected":false},"excerpt":{"rendered":"<p>Termos gerais e condi\u00e7\u00f5es A partir de 1 de janeiro de 2021 O objetivo das presentes condi\u00e7\u00f5es gerais de utiliza\u00e7\u00e3o (designadas por &#8220;GTU&#8221;) \u00e9 fornecer um quadro jur\u00eddico para os termos e condi\u00e7\u00f5es de fornecimento do s\u00edtio e dos servi\u00e7os por www.sofdi-group.com e para definir as condi\u00e7\u00f5es de acesso e de utiliza\u00e7\u00e3o dos servi\u00e7os pelo [&hellip;]<\/p>\n","protected":false},"author":1,"featured_media":0,"parent":0,"menu_order":0,"comment_status":"closed","ping_status":"open","template":"","meta":{"_acf_changed":false,"_eb_attr":"","footnotes":""},"class_list":["post-1152","page","type-page","status-publish","hentry"],"acf":[],"yoast_head":"<!-- This site is optimized with the Yoast SEO plugin v27.4 - https:\/\/yoast.com\/product\/yoast-seo-wordpress\/ -->\n<title>Termos de utiliza\u00e7\u00e3o | SOFDI Group<\/title>\n<meta name=\"description\" content=\"Descobre as Condi\u00e7\u00f5es Gerais de Utiliza\u00e7\u00e3o (CGU) da SOFDI, que regem o acesso e a utiliza\u00e7\u00e3o do sofdi-group.com. Informa-te sobre os avisos legais, a recolha de dados e os direitos e responsabilidades dos utilizadores.\" \/>\n<meta name=\"robots\" content=\"index, follow, max-snippet:-1, max-image-preview:large, max-video-preview:-1\" \/>\n<link rel=\"canonical\" href=\"https:\/\/sofdi-group.com\/pt-pt\/termos-de-uso\/\" \/>\n<meta property=\"og:locale\" content=\"pt_PT\" \/>\n<meta property=\"og:type\" content=\"article\" \/>\n<meta property=\"og:title\" content=\"Termos de utiliza\u00e7\u00e3o | SOFDI Group\" \/>\n<meta property=\"og:description\" content=\"Descobre as Condi\u00e7\u00f5es Gerais de Utiliza\u00e7\u00e3o (CGU) da SOFDI, que regem o acesso e a utiliza\u00e7\u00e3o do sofdi-group.com. Informa-te sobre os avisos legais, a recolha de dados e os direitos e responsabilidades dos utilizadores.\" \/>\n<meta property=\"og:url\" content=\"https:\/\/sofdi-group.com\/pt-pt\/termos-de-uso\/\" \/>\n<meta property=\"og:site_name\" content=\"SOFDI Group\" \/>\n<meta property=\"article:modified_time\" content=\"2024-06-18T08:13:36+00:00\" \/>\n<meta name=\"twitter:card\" content=\"summary_large_image\" \/>\n<meta name=\"twitter:label1\" content=\"Tempo estimado de leitura\" \/>\n\t<meta name=\"twitter:data1\" content=\"7 minutos\" \/>\n<script type=\"application\/ld+json\" class=\"yoast-schema-graph\">{\"@context\":\"https:\\\/\\\/schema.org\",\"@graph\":[{\"@type\":\"WebPage\",\"@id\":\"https:\\\/\\\/sofdi-group.com\\\/pt-pt\\\/termos-de-uso\\\/\",\"url\":\"https:\\\/\\\/sofdi-group.com\\\/pt-pt\\\/termos-de-uso\\\/\",\"name\":\"Termos de utiliza\u00e7\u00e3o | SOFDI Group\",\"isPartOf\":{\"@id\":\"https:\\\/\\\/sofdi-group.com\\\/pt-pt\\\/#website\"},\"datePublished\":\"2022-04-26T14:48:00+00:00\",\"dateModified\":\"2024-06-18T08:13:36+00:00\",\"description\":\"Descobre as Condi\u00e7\u00f5es Gerais de Utiliza\u00e7\u00e3o (CGU) da SOFDI, que regem o acesso e a utiliza\u00e7\u00e3o do sofdi-group.com. Informa-te sobre os avisos legais, a recolha de dados e os direitos e responsabilidades dos utilizadores.\",\"breadcrumb\":{\"@id\":\"https:\\\/\\\/sofdi-group.com\\\/pt-pt\\\/termos-de-uso\\\/#breadcrumb\"},\"inLanguage\":\"pt-PT\",\"potentialAction\":[{\"@type\":\"ReadAction\",\"target\":[\"https:\\\/\\\/sofdi-group.com\\\/pt-pt\\\/termos-de-uso\\\/\"]}]},{\"@type\":\"BreadcrumbList\",\"@id\":\"https:\\\/\\\/sofdi-group.com\\\/pt-pt\\\/termos-de-uso\\\/#breadcrumb\",\"itemListElement\":[{\"@type\":\"ListItem\",\"position\":1,\"name\":\"Home\",\"item\":\"https:\\\/\\\/sofdi-group.com\\\/pt-pt\\\/\"},{\"@type\":\"ListItem\",\"position\":2,\"name\":\"Termos de utiliza\u00e7\u00e3o\"}]},{\"@type\":\"WebSite\",\"@id\":\"https:\\\/\\\/sofdi-group.com\\\/pt-pt\\\/#website\",\"url\":\"https:\\\/\\\/sofdi-group.com\\\/pt-pt\\\/\",\"name\":\"SOFDI Group\",\"description\":\"\",\"publisher\":{\"@id\":\"https:\\\/\\\/sofdi-group.com\\\/pt-pt\\\/#organization\"},\"potentialAction\":[{\"@type\":\"SearchAction\",\"target\":{\"@type\":\"EntryPoint\",\"urlTemplate\":\"https:\\\/\\\/sofdi-group.com\\\/pt-pt\\\/?s={search_term_string}\"},\"query-input\":{\"@type\":\"PropertyValueSpecification\",\"valueRequired\":true,\"valueName\":\"search_term_string\"}}],\"inLanguage\":\"pt-PT\"},{\"@type\":\"Organization\",\"@id\":\"https:\\\/\\\/sofdi-group.com\\\/pt-pt\\\/#organization\",\"name\":\"SOFDI Group\",\"url\":\"https:\\\/\\\/sofdi-group.com\\\/pt-pt\\\/\",\"logo\":{\"@type\":\"ImageObject\",\"inLanguage\":\"pt-PT\",\"@id\":\"https:\\\/\\\/sofdi-group.com\\\/pt-pt\\\/#\\\/schema\\\/logo\\\/image\\\/\",\"url\":\"https:\\\/\\\/sofdi-group.com\\\/wp-content\\\/uploads\\\/2023\\\/01\\\/Logo_SOFDI-small-1-e1675164519441.png\",\"contentUrl\":\"https:\\\/\\\/sofdi-group.com\\\/wp-content\\\/uploads\\\/2023\\\/01\\\/Logo_SOFDI-small-1-e1675164519441.png\",\"width\":185,\"height\":47,\"caption\":\"SOFDI Group\"},\"image\":{\"@id\":\"https:\\\/\\\/sofdi-group.com\\\/pt-pt\\\/#\\\/schema\\\/logo\\\/image\\\/\"}}]}<\/script>\n<!-- \/ Yoast SEO plugin. -->","yoast_head_json":{"title":"Termos de utiliza\u00e7\u00e3o | SOFDI Group","description":"Descobre as Condi\u00e7\u00f5es Gerais de Utiliza\u00e7\u00e3o (CGU) da SOFDI, que regem o acesso e a utiliza\u00e7\u00e3o do sofdi-group.com. Informa-te sobre os avisos legais, a recolha de dados e os direitos e responsabilidades dos utilizadores.","robots":{"index":"index","follow":"follow","max-snippet":"max-snippet:-1","max-image-preview":"max-image-preview:large","max-video-preview":"max-video-preview:-1"},"canonical":"https:\/\/sofdi-group.com\/pt-pt\/termos-de-uso\/","og_locale":"pt_PT","og_type":"article","og_title":"Termos de utiliza\u00e7\u00e3o | SOFDI Group","og_description":"Descobre as Condi\u00e7\u00f5es Gerais de Utiliza\u00e7\u00e3o (CGU) da SOFDI, que regem o acesso e a utiliza\u00e7\u00e3o do sofdi-group.com. Informa-te sobre os avisos legais, a recolha de dados e os direitos e responsabilidades dos utilizadores.","og_url":"https:\/\/sofdi-group.com\/pt-pt\/termos-de-uso\/","og_site_name":"SOFDI Group","article_modified_time":"2024-06-18T08:13:36+00:00","twitter_card":"summary_large_image","twitter_misc":{"Tempo estimado de leitura":"7 minutos"},"schema":{"@context":"https:\/\/schema.org","@graph":[{"@type":"WebPage","@id":"https:\/\/sofdi-group.com\/pt-pt\/termos-de-uso\/","url":"https:\/\/sofdi-group.com\/pt-pt\/termos-de-uso\/","name":"Termos de utiliza\u00e7\u00e3o | SOFDI Group","isPartOf":{"@id":"https:\/\/sofdi-group.com\/pt-pt\/#website"},"datePublished":"2022-04-26T14:48:00+00:00","dateModified":"2024-06-18T08:13:36+00:00","description":"Descobre as Condi\u00e7\u00f5es Gerais de Utiliza\u00e7\u00e3o (CGU) da SOFDI, que regem o acesso e a utiliza\u00e7\u00e3o do sofdi-group.com. Informa-te sobre os avisos legais, a recolha de dados e os direitos e responsabilidades dos utilizadores.","breadcrumb":{"@id":"https:\/\/sofdi-group.com\/pt-pt\/termos-de-uso\/#breadcrumb"},"inLanguage":"pt-PT","potentialAction":[{"@type":"ReadAction","target":["https:\/\/sofdi-group.com\/pt-pt\/termos-de-uso\/"]}]},{"@type":"BreadcrumbList","@id":"https:\/\/sofdi-group.com\/pt-pt\/termos-de-uso\/#breadcrumb","itemListElement":[{"@type":"ListItem","position":1,"name":"Home","item":"https:\/\/sofdi-group.com\/pt-pt\/"},{"@type":"ListItem","position":2,"name":"Termos de utiliza\u00e7\u00e3o"}]},{"@type":"WebSite","@id":"https:\/\/sofdi-group.com\/pt-pt\/#website","url":"https:\/\/sofdi-group.com\/pt-pt\/","name":"SOFDI Group","description":"","publisher":{"@id":"https:\/\/sofdi-group.com\/pt-pt\/#organization"},"potentialAction":[{"@type":"SearchAction","target":{"@type":"EntryPoint","urlTemplate":"https:\/\/sofdi-group.com\/pt-pt\/?s={search_term_string}"},"query-input":{"@type":"PropertyValueSpecification","valueRequired":true,"valueName":"search_term_string"}}],"inLanguage":"pt-PT"},{"@type":"Organization","@id":"https:\/\/sofdi-group.com\/pt-pt\/#organization","name":"SOFDI Group","url":"https:\/\/sofdi-group.com\/pt-pt\/","logo":{"@type":"ImageObject","inLanguage":"pt-PT","@id":"https:\/\/sofdi-group.com\/pt-pt\/#\/schema\/logo\/image\/","url":"https:\/\/sofdi-group.com\/wp-content\/uploads\/2023\/01\/Logo_SOFDI-small-1-e1675164519441.png","contentUrl":"https:\/\/sofdi-group.com\/wp-content\/uploads\/2023\/01\/Logo_SOFDI-small-1-e1675164519441.png","width":185,"height":47,"caption":"SOFDI Group"},"image":{"@id":"https:\/\/sofdi-group.com\/pt-pt\/#\/schema\/logo\/image\/"}}]}},"_links":{"self":[{"href":"https:\/\/sofdi-group.com\/pt-pt\/wp-json\/wp\/v2\/pages\/1152","targetHints":{"allow":["GET"]}}],"collection":[{"href":"https:\/\/sofdi-group.com\/pt-pt\/wp-json\/wp\/v2\/pages"}],"about":[{"href":"https:\/\/sofdi-group.com\/pt-pt\/wp-json\/wp\/v2\/types\/page"}],"author":[{"embeddable":true,"href":"https:\/\/sofdi-group.com\/pt-pt\/wp-json\/wp\/v2\/users\/1"}],"replies":[{"embeddable":true,"href":"https:\/\/sofdi-group.com\/pt-pt\/wp-json\/wp\/v2\/comments?post=1152"}],"version-history":[{"count":6,"href":"https:\/\/sofdi-group.com\/pt-pt\/wp-json\/wp\/v2\/pages\/1152\/revisions"}],"predecessor-version":[{"id":3820,"href":"https:\/\/sofdi-group.com\/pt-pt\/wp-json\/wp\/v2\/pages\/1152\/revisions\/3820"}],"wp:attachment":[{"href":"https:\/\/sofdi-group.com\/pt-pt\/wp-json\/wp\/v2\/media?parent=1152"}],"curies":[{"name":"wp","href":"https:\/\/api.w.org\/{rel}","templated":true}]}}