{"id":1121,"date":"2022-04-11T07:47:36","date_gmt":"2022-04-11T07:47:36","guid":{"rendered":"https:\/\/sofdi-group.com\/privacy-policy\/"},"modified":"2024-05-17T13:34:52","modified_gmt":"2024-05-17T13:34:52","slug":"terminos-legales","status":"publish","type":"page","link":"https:\/\/sofdi-group.com\/es\/terminos-legales\/","title":{"rendered":"Terminos Legales"},"content":{"rendered":"\t\t<div data-elementor-type=\"wp-page\" data-elementor-id=\"1121\" class=\"elementor elementor-1121 elementor-3\" data-elementor-post-type=\"page\">\n\t\t\t\t\t\t<section class=\"elementor-section elementor-top-section elementor-element elementor-element-59ffd73 elementor-section-full_width elementor-section-height-min-height elementor-section-content-middle elementor-section-height-default elementor-section-items-middle\" data-id=\"59ffd73\" data-element_type=\"section\" data-settings=\"{&quot;background_background&quot;:&quot;classic&quot;}\">\n\t\t\t\t\t\t<div class=\"elementor-container elementor-column-gap-default\">\n\t\t\t\t\t<div class=\"elementor-column elementor-col-100 elementor-top-column elementor-element elementor-element-2947c4d\" data-id=\"2947c4d\" data-element_type=\"column\">\n\t\t\t<div class=\"elementor-widget-wrap elementor-element-populated\">\n\t\t\t\t\t\t<div class=\"elementor-element elementor-element-ef3b48e elementor-widget elementor-widget-heading\" data-id=\"ef3b48e\" data-element_type=\"widget\" data-widget_type=\"heading.default\">\n\t\t\t\t<div class=\"elementor-widget-container\">\n\t\t\t\t\t<h1 class=\"elementor-heading-title elementor-size-default\"> Menci\u00f3n legal<\/h1>\t\t\t\t<\/div>\n\t\t\t\t<\/div>\n\t\t\t\t\t<\/div>\n\t\t<\/div>\n\t\t\t\t\t<\/div>\n\t\t<\/section>\n\t\t\t\t<section class=\"elementor-section elementor-top-section elementor-element elementor-element-3af82ffa elementor-section-boxed elementor-section-height-default elementor-section-height-default\" data-id=\"3af82ffa\" data-element_type=\"section\">\n\t\t\t\t\t\t<div class=\"elementor-container elementor-column-gap-default\">\n\t\t\t\t\t<div class=\"elementor-column elementor-col-100 elementor-top-column elementor-element elementor-element-50157f77\" data-id=\"50157f77\" data-element_type=\"column\">\n\t\t\t<div class=\"elementor-widget-wrap elementor-element-populated\">\n\t\t\t\t\t\t<div class=\"elementor-element elementor-element-6e0101e elementor-widget-tablet__width-initial elementor-widget elementor-widget-text-editor\" data-id=\"6e0101e\" data-element_type=\"widget\" data-widget_type=\"text-editor.default\">\n\t\t\t\t<div class=\"elementor-widget-container\">\n\t\t\t\t\t\t\t\t\t<div class=\"row\"><div class=\"col-12\"><p><strong>Editor<\/strong><\/p><p>SOFDI<br \/>27 rue Foucher Leppeletier<br \/>92130 Issy-Les-Moulineaux<br \/>T\u00e9l. 01 46 62 09 71<br \/><a href=\"mailto:support@sofdi-group.com\">support@sofdi-group.com<\/a><\/p><p>SAS con un capital de 500 000 euros<br \/>Sede Principal : 27 rue Foucher Lepelletier<br \/>92130 Issy-Les-Moulineaux<br \/>RCS Nanterre 424 982 080<br \/>N\u00b0 IVA intracomunitario FR77 424982080<\/p><p><strong>Directora de publicaci\u00f3n<\/strong><\/p><p>Prune Maury-Laribi\u00e8re<\/p><p><strong>Hoster<\/strong><\/p><p>OVH <br \/>SAS con un capital de 10 069 020 \u20ac <br \/>RCS Lille M\u00e9tropole 424 761 419 00045 <br \/>C\u00f3digo APE 2620Z <br \/>N\u00b0 IVA: FR 22 424 761 419 <br \/>Sede Principal : 2 rue Kellermann &#8211; 59100 Roubaix \u2013 France<\/p><p><strong>Responsabilidad<\/strong><\/p><p>Sofdi se exime de toda responsabilidad por los da\u00f1os inherentes o causados por el uso de Internet, en particular en lo relacionado con el acceso y uso del sitio web <a href=\"http:\/\/sofdi-group.com\">sofdi-group.com<\/a><\/p><\/div><\/div>\t\t\t\t\t\t\t\t<\/div>\n\t\t\t\t<\/div>\n\t\t\t\t\t<\/div>\n\t\t<\/div>\n\t\t\t\t\t<\/div>\n\t\t<\/section>\n\t\t\t\t<\/div>\n\t\t","protected":false},"excerpt":{"rendered":"<p>Menci\u00f3n legal Editor SOFDI27 rue Foucher Leppeletier92130 Issy-Les-MoulineauxT\u00e9l. 01 46 62 09 71support@sofdi-group.com SAS con un capital de 500 000 eurosSede Principal : 27 rue Foucher Lepelletier92130 Issy-Les-MoulineauxRCS Nanterre 424 982 080N\u00b0 IVA intracomunitario FR77 424982080 Directora de publicaci\u00f3n Prune Maury-Laribi\u00e8re Hoster OVH SAS con un capital de 10 069 020 \u20ac RCS Lille M\u00e9tropole [&hellip;]<\/p>\n","protected":false},"author":1,"featured_media":0,"parent":0,"menu_order":0,"comment_status":"closed","ping_status":"closed","template":"","meta":{"_acf_changed":false,"_eb_attr":"","footnotes":""},"class_list":["post-1121","page","type-page","status-publish","hentry"],"acf":[],"yoast_head":"<!-- This site is optimized with the Yoast SEO plugin v25.9 - https:\/\/yoast.com\/wordpress\/plugins\/seo\/ -->\n<title>Terminos Legales | SOFDI Group<\/title>\n<meta name=\"description\" content=\"M\u00e1s informaci\u00f3n sobre SOFDI, que ofrece soluciones anticorrosi\u00f3n Waxoyl para veh\u00edculos. P\u00f3ngase en contacto con nosotros en el 01 46 62 09 71 o en support@sofdi-group.com para obtener m\u00e1s informaci\u00f3n sobre nuestros servicios. Con sede en Issy-les-Moulineaux, SOFDI garantiza una protecci\u00f3n eficaz contra la corrosi\u00f3n.\" \/>\n<meta name=\"robots\" content=\"index, follow, max-snippet:-1, max-image-preview:large, max-video-preview:-1\" \/>\n<link rel=\"canonical\" href=\"https:\/\/sofdi-group.com\/es\/terminos-legales\/\" \/>\n<meta property=\"og:locale\" content=\"es_ES\" \/>\n<meta property=\"og:type\" content=\"article\" \/>\n<meta property=\"og:title\" content=\"Terminos Legales | SOFDI Group\" \/>\n<meta property=\"og:description\" content=\"M\u00e1s informaci\u00f3n sobre SOFDI, que ofrece soluciones anticorrosi\u00f3n Waxoyl para veh\u00edculos. P\u00f3ngase en contacto con nosotros en el 01 46 62 09 71 o en support@sofdi-group.com para obtener m\u00e1s informaci\u00f3n sobre nuestros servicios. Con sede en Issy-les-Moulineaux, SOFDI garantiza una protecci\u00f3n eficaz contra la corrosi\u00f3n.\" \/>\n<meta property=\"og:url\" content=\"https:\/\/sofdi-group.com\/es\/terminos-legales\/\" \/>\n<meta property=\"og:site_name\" content=\"SOFDI Group\" \/>\n<meta property=\"article:modified_time\" content=\"2024-05-17T13:34:52+00:00\" \/>\n<meta name=\"twitter:card\" content=\"summary_large_image\" \/>\n<meta name=\"twitter:label1\" content=\"Tiempo de lectura\" \/>\n\t<meta name=\"twitter:data1\" content=\"1 minuto\" \/>\n<script type=\"application\/ld+json\" class=\"yoast-schema-graph\">{\"@context\":\"https:\/\/schema.org\",\"@graph\":[{\"@type\":\"WebPage\",\"@id\":\"https:\/\/sofdi-group.com\/es\/terminos-legales\/\",\"url\":\"https:\/\/sofdi-group.com\/es\/terminos-legales\/\",\"name\":\"Terminos Legales | SOFDI Group\",\"isPartOf\":{\"@id\":\"https:\/\/sofdi-group.com\/es\/#website\"},\"datePublished\":\"2022-04-11T07:47:36+00:00\",\"dateModified\":\"2024-05-17T13:34:52+00:00\",\"description\":\"M\u00e1s informaci\u00f3n sobre SOFDI, que ofrece soluciones anticorrosi\u00f3n Waxoyl para veh\u00edculos. P\u00f3ngase en contacto con nosotros en el 01 46 62 09 71 o en support@sofdi-group.com para obtener m\u00e1s informaci\u00f3n sobre nuestros servicios. Con sede en Issy-les-Moulineaux, SOFDI garantiza una protecci\u00f3n eficaz contra la corrosi\u00f3n.\",\"breadcrumb\":{\"@id\":\"https:\/\/sofdi-group.com\/es\/terminos-legales\/#breadcrumb\"},\"inLanguage\":\"es\",\"potentialAction\":[{\"@type\":\"ReadAction\",\"target\":[\"https:\/\/sofdi-group.com\/es\/terminos-legales\/\"]}]},{\"@type\":\"BreadcrumbList\",\"@id\":\"https:\/\/sofdi-group.com\/es\/terminos-legales\/#breadcrumb\",\"itemListElement\":[{\"@type\":\"ListItem\",\"position\":1,\"name\":\"Home\",\"item\":\"https:\/\/sofdi-group.com\/es\/\"},{\"@type\":\"ListItem\",\"position\":2,\"name\":\"Terminos Legales\"}]},{\"@type\":\"WebSite\",\"@id\":\"https:\/\/sofdi-group.com\/es\/#website\",\"url\":\"https:\/\/sofdi-group.com\/es\/\",\"name\":\"SOFDI Group\",\"description\":\"\",\"publisher\":{\"@id\":\"https:\/\/sofdi-group.com\/es\/#organization\"},\"potentialAction\":[{\"@type\":\"SearchAction\",\"target\":{\"@type\":\"EntryPoint\",\"urlTemplate\":\"https:\/\/sofdi-group.com\/es\/?s={search_term_string}\"},\"query-input\":{\"@type\":\"PropertyValueSpecification\",\"valueRequired\":true,\"valueName\":\"search_term_string\"}}],\"inLanguage\":\"es\"},{\"@type\":\"Organization\",\"@id\":\"https:\/\/sofdi-group.com\/es\/#organization\",\"name\":\"SOFDI Group\",\"url\":\"https:\/\/sofdi-group.com\/es\/\",\"logo\":{\"@type\":\"ImageObject\",\"inLanguage\":\"es\",\"@id\":\"https:\/\/sofdi-group.com\/es\/#\/schema\/logo\/image\/\",\"url\":\"https:\/\/sofdi-group.com\/wp-content\/uploads\/2023\/01\/Logo_SOFDI-small-1-e1675164519441.png\",\"contentUrl\":\"https:\/\/sofdi-group.com\/wp-content\/uploads\/2023\/01\/Logo_SOFDI-small-1-e1675164519441.png\",\"width\":185,\"height\":47,\"caption\":\"SOFDI Group\"},\"image\":{\"@id\":\"https:\/\/sofdi-group.com\/es\/#\/schema\/logo\/image\/\"}}]}<\/script>\n<!-- \/ Yoast SEO plugin. -->","yoast_head_json":{"title":"Terminos Legales | SOFDI Group","description":"M\u00e1s informaci\u00f3n sobre SOFDI, que ofrece soluciones anticorrosi\u00f3n Waxoyl para veh\u00edculos. P\u00f3ngase en contacto con nosotros en el 01 46 62 09 71 o en support@sofdi-group.com para obtener m\u00e1s informaci\u00f3n sobre nuestros servicios. Con sede en Issy-les-Moulineaux, SOFDI garantiza una protecci\u00f3n eficaz contra la corrosi\u00f3n.","robots":{"index":"index","follow":"follow","max-snippet":"max-snippet:-1","max-image-preview":"max-image-preview:large","max-video-preview":"max-video-preview:-1"},"canonical":"https:\/\/sofdi-group.com\/es\/terminos-legales\/","og_locale":"es_ES","og_type":"article","og_title":"Terminos Legales | SOFDI Group","og_description":"M\u00e1s informaci\u00f3n sobre SOFDI, que ofrece soluciones anticorrosi\u00f3n Waxoyl para veh\u00edculos. P\u00f3ngase en contacto con nosotros en el 01 46 62 09 71 o en support@sofdi-group.com para obtener m\u00e1s informaci\u00f3n sobre nuestros servicios. Con sede en Issy-les-Moulineaux, SOFDI garantiza una protecci\u00f3n eficaz contra la corrosi\u00f3n.","og_url":"https:\/\/sofdi-group.com\/es\/terminos-legales\/","og_site_name":"SOFDI Group","article_modified_time":"2024-05-17T13:34:52+00:00","twitter_card":"summary_large_image","twitter_misc":{"Tiempo de lectura":"1 minuto"},"schema":{"@context":"https:\/\/schema.org","@graph":[{"@type":"WebPage","@id":"https:\/\/sofdi-group.com\/es\/terminos-legales\/","url":"https:\/\/sofdi-group.com\/es\/terminos-legales\/","name":"Terminos Legales | SOFDI Group","isPartOf":{"@id":"https:\/\/sofdi-group.com\/es\/#website"},"datePublished":"2022-04-11T07:47:36+00:00","dateModified":"2024-05-17T13:34:52+00:00","description":"M\u00e1s informaci\u00f3n sobre SOFDI, que ofrece soluciones anticorrosi\u00f3n Waxoyl para veh\u00edculos. P\u00f3ngase en contacto con nosotros en el 01 46 62 09 71 o en support@sofdi-group.com para obtener m\u00e1s informaci\u00f3n sobre nuestros servicios. Con sede en Issy-les-Moulineaux, SOFDI garantiza una protecci\u00f3n eficaz contra la corrosi\u00f3n.","breadcrumb":{"@id":"https:\/\/sofdi-group.com\/es\/terminos-legales\/#breadcrumb"},"inLanguage":"es","potentialAction":[{"@type":"ReadAction","target":["https:\/\/sofdi-group.com\/es\/terminos-legales\/"]}]},{"@type":"BreadcrumbList","@id":"https:\/\/sofdi-group.com\/es\/terminos-legales\/#breadcrumb","itemListElement":[{"@type":"ListItem","position":1,"name":"Home","item":"https:\/\/sofdi-group.com\/es\/"},{"@type":"ListItem","position":2,"name":"Terminos Legales"}]},{"@type":"WebSite","@id":"https:\/\/sofdi-group.com\/es\/#website","url":"https:\/\/sofdi-group.com\/es\/","name":"SOFDI Group","description":"","publisher":{"@id":"https:\/\/sofdi-group.com\/es\/#organization"},"potentialAction":[{"@type":"SearchAction","target":{"@type":"EntryPoint","urlTemplate":"https:\/\/sofdi-group.com\/es\/?s={search_term_string}"},"query-input":{"@type":"PropertyValueSpecification","valueRequired":true,"valueName":"search_term_string"}}],"inLanguage":"es"},{"@type":"Organization","@id":"https:\/\/sofdi-group.com\/es\/#organization","name":"SOFDI Group","url":"https:\/\/sofdi-group.com\/es\/","logo":{"@type":"ImageObject","inLanguage":"es","@id":"https:\/\/sofdi-group.com\/es\/#\/schema\/logo\/image\/","url":"https:\/\/sofdi-group.com\/wp-content\/uploads\/2023\/01\/Logo_SOFDI-small-1-e1675164519441.png","contentUrl":"https:\/\/sofdi-group.com\/wp-content\/uploads\/2023\/01\/Logo_SOFDI-small-1-e1675164519441.png","width":185,"height":47,"caption":"SOFDI Group"},"image":{"@id":"https:\/\/sofdi-group.com\/es\/#\/schema\/logo\/image\/"}}]}},"_links":{"self":[{"href":"https:\/\/sofdi-group.com\/es\/wp-json\/wp\/v2\/pages\/1121","targetHints":{"allow":["GET"]}}],"collection":[{"href":"https:\/\/sofdi-group.com\/es\/wp-json\/wp\/v2\/pages"}],"about":[{"href":"https:\/\/sofdi-group.com\/es\/wp-json\/wp\/v2\/types\/page"}],"author":[{"embeddable":true,"href":"https:\/\/sofdi-group.com\/es\/wp-json\/wp\/v2\/users\/1"}],"replies":[{"embeddable":true,"href":"https:\/\/sofdi-group.com\/es\/wp-json\/wp\/v2\/comments?post=1121"}],"version-history":[{"count":19,"href":"https:\/\/sofdi-group.com\/es\/wp-json\/wp\/v2\/pages\/1121\/revisions"}],"predecessor-version":[{"id":3705,"href":"https:\/\/sofdi-group.com\/es\/wp-json\/wp\/v2\/pages\/1121\/revisions\/3705"}],"wp:attachment":[{"href":"https:\/\/sofdi-group.com\/es\/wp-json\/wp\/v2\/media?parent=1121"}],"curies":[{"name":"wp","href":"https:\/\/api.w.org\/{rel}","templated":true}]}}