{"id":1117,"date":"2022-04-26T14:48:00","date_gmt":"2022-04-26T14:48:00","guid":{"rendered":"https:\/\/sofdi-group.com\/conditions-dutilisation\/"},"modified":"2024-05-17T12:58:14","modified_gmt":"2024-05-17T12:58:14","slug":"terminos-de-uso","status":"publish","type":"page","link":"https:\/\/sofdi-group.com\/es\/terminos-de-uso\/","title":{"rendered":"Condiciones de uso"},"content":{"rendered":"\t\t<div data-elementor-type=\"wp-page\" data-elementor-id=\"1117\" class=\"elementor elementor-1117 elementor-504\" data-elementor-post-type=\"page\">\n\t\t\t\t\t\t<section class=\"elementor-section elementor-top-section elementor-element elementor-element-59ffd73 elementor-section-full_width elementor-section-height-min-height elementor-section-content-middle elementor-section-height-default elementor-section-items-middle\" data-id=\"59ffd73\" data-element_type=\"section\" data-settings=\"{&quot;background_background&quot;:&quot;classic&quot;}\">\n\t\t\t\t\t\t<div class=\"elementor-container elementor-column-gap-default\">\n\t\t\t\t\t<div class=\"elementor-column elementor-col-100 elementor-top-column elementor-element elementor-element-2947c4d\" data-id=\"2947c4d\" data-element_type=\"column\">\n\t\t\t<div class=\"elementor-widget-wrap elementor-element-populated\">\n\t\t\t\t\t\t<div class=\"elementor-element elementor-element-ef3b48e elementor-widget elementor-widget-heading\" data-id=\"ef3b48e\" data-element_type=\"widget\" data-widget_type=\"heading.default\">\n\t\t\t\t<div class=\"elementor-widget-container\">\n\t\t\t\t\t<h1 class=\"elementor-heading-title elementor-size-default\">Condiciones generales  <br>  y condiciones<\/h1>\t\t\t\t<\/div>\n\t\t\t\t<\/div>\n\t\t\t\t\t<\/div>\n\t\t<\/div>\n\t\t\t\t\t<\/div>\n\t\t<\/section>\n\t\t\t\t<section class=\"elementor-section elementor-top-section elementor-element elementor-element-3af82ffa elementor-section-boxed elementor-section-height-default elementor-section-height-default\" data-id=\"3af82ffa\" data-element_type=\"section\">\n\t\t\t\t\t\t<div class=\"elementor-container elementor-column-gap-default\">\n\t\t\t\t\t<div class=\"elementor-column elementor-col-100 elementor-top-column elementor-element elementor-element-50157f77\" data-id=\"50157f77\" data-element_type=\"column\">\n\t\t\t<div class=\"elementor-widget-wrap elementor-element-populated\">\n\t\t\t\t\t\t<div class=\"elementor-element elementor-element-6e0101e elementor-widget elementor-widget-text-editor\" data-id=\"6e0101e\" data-element_type=\"widget\" data-widget_type=\"text-editor.default\">\n\t\t\t\t<div class=\"elementor-widget-container\">\n\t\t\t\t\t\t\t\t\t<div class=\"row\">\n<div class=\"col-12\">\n<div class=\"row\">\n<div class=\"col-12\">\n<p>En vigor a partir del 01 de enero de 2021<\/p>\n<p><em style=\"font-family: var( --e-global-typography-text-font-family ), Sans-serif; font-size: var( --e-global-typography-text-font-size ); font-weight: var( --e-global-typography-text-font-weight );\"> <\/em><\/p>\n<p>El objeto de las presentes condiciones generales de uso (denominadas \u00abCGU\u00bb) es proporcionar un marco legal a los t\u00e9rminos y condiciones de prestaci\u00f3n del sitio y de los servicios por parte de  <br \/>www.sofdi-group.com y definir las condiciones de acceso y utilizaci\u00f3n de los servicios por parte del \u00abUsuario\u00bb. Las presentes GTU est\u00e1n accesibles en el sitio web bajo el ep\u00edgrafe \u00abGTU\u00bb.<\/p>\n<p>Las CGU deben ser aceptadas por cualquier Usuario que desee acceder al sitio. Constituyen el contrato entre el sitio y el Usuario. El acceso al sitio por parte del Usuario implica su aceptaci\u00f3n de las presentes CGU. El Usuario se compromete a respetar las presentes condiciones.<\/p>\n<p>Cualquier registro o uso del sitio implica la aceptaci\u00f3n sin reservas ni restricciones de estas CGU por parte del usuario. Al registrarse en el sitio a trav\u00e9s del Formulario de Registro, cada usuario acepta expresamente las presentes CGU marcando la casilla que precede al texto siguiente: \u00abReconozco haber le\u00eddo y comprendido las CGU y las acepto\u00bb.<\/p>\n<p>En caso de no aceptaci\u00f3n de las CGU estipuladas en el presente contrato, el Usuario deber\u00e1 renunciar al acceso a los servicios ofrecidos por el sitio <em>www.sofdi-group.com<\/em> se reserva el derecho a modificar unilateralmente y en cualquier momento el contenido de las presentes CGU.<\/p>\n<h3> <\/h3>\n<h3>ART\u00cdCULO 1 : Menciones legales<\/h3>\n<p><em> <br \/><\/em>La edici\u00f3n del sitio  <em>www.sofdi-group.com <\/em>est\u00e1 garantizada por la Empresa  <em>Sofdi SARL <\/em>con un capital de  <em>150 000 euros<\/em>, inscrita en el RCS de  <em>Nanterre <\/em>bajo el n\u00famero  <em>424 982 080 <\/em>cuya sede se encuentra en  <em>  27 rue foucher Lepelletier 92130 Issy-Les-Moulineaux, 01 46 62 09 71, support@sofdi-group.com.  <br \/><\/em>N\u00famero de IVA intracomunitario :  <em>FR77 424 982 080.<\/em><\/p>\n<p>La directora de la publicaci\u00f3n es <em>Prune Maury-Laribi\u00e8re.<\/em><\/p>\n<p>El anfitri\u00f3n del sitio <em>www.sofdi-group.com <\/em>es la sociedad OVH, con un capital de 10 069 020\u20ac inscrita en el RCS de <em>Lille <\/em>con el n\u00famero 424 761 419 00045<em>, <\/em>cuya sede social se encuentra en 2 rue Kellermann &#8211; 59100 Roubaix &#8211; Francia.<\/p>\n<h3> <\/h3>\n<h3>ART\u00cdCULO 2 : Acceso al recinto<\/h3>\n<p>El sitio <em>www.sofdi-group.com <\/em>permite al Usuario un acceso gratuito a los siguientes servicios<em><br \/>\n  <br \/>\n<\/em>la presentaci\u00f3n de la marca Waxoyl y de los distintos productos distribuidos por Sofdi.<\/p>\n<p>El sitio es accesible gratuitamente en cualquier lugar a cualquier Usuario que tenga acceso a Internet. Todos los costes en los que incurra el Usuario para acceder al servicio (hardware inform\u00e1tico, software, conexi\u00f3n a Internet, etc.) correr\u00e1n a su cargo.<\/p>\n<p><em>El \u00e1rea de miembros :<\/em><\/p>\n<p>El Usuario no miembro no tiene acceso a los servicios reservados. Estos servicios s\u00f3lo son accesibles para los concesionarios que hayan solicitado la creaci\u00f3n de un espacio personal.<\/p>\n<p>El Usuario es responsable de actualizar la informaci\u00f3n facilitada. Se le especifica que puede modificarlos conect\u00e1ndose a su espacio miembro.<\/p>\n<p>Para acceder a los servicios, el Usuario debe identificarse mediante su nombre de usuario y su contrase\u00f1a, que le ser\u00e1n comunicados tras su registro y que son estrictamente personales. Por ello, se le proh\u00edbe divulgarlos. En caso contrario, seguir\u00e1 siendo el \u00fanico responsable del uso que se haga de ellos.<\/p>\n<p>El Usuario tambi\u00e9n puede solicitar darse de baja enviando un correo electr\u00f3nico a: <em>support@sofdi-group.com.<\/em> \u00c9sta se har\u00e1 efectiva en un plazo razonable.<\/p>\n<p>En caso de incumplimiento de las condiciones generales de venta y\/o uso, el sitio <em>www.sofdi-group.com<\/em> tiene la posibilidad de suspender o incluso cerrar la cuenta de un Usuario tras notificaci\u00f3n formal enviada por v\u00eda electr\u00f3nica y que qued\u00f3 sin efecto.<\/p>\n<p>Cualquier eliminaci\u00f3n de cuenta, sea cual sea el motivo, conlleva la eliminaci\u00f3n pura y simple de toda la informaci\u00f3n personal del Usuario.<\/p>\n<p>Cualquier acontecimiento debido a un caso de absoluta necesidad que tenga por consecuencia un mal funcionamiento del sitio o del servidor y que est\u00e9 sujeto a cualquier interrupci\u00f3n o modificaci\u00f3n en caso de mantenimiento, no compromete la responsabilidad de www.sofdi-group.com. En estos casos, el Usuario acepta no responsabilizar al editor de cualquier interrupci\u00f3n o suspensi\u00f3n del servicio, incluso sin previo aviso.<\/p>\n<p>El Usuario tiene la posibilidad de ponerse en contacto con el sitio mediante mensajer\u00eda electr\u00f3nica a la direcci\u00f3n de correo electr\u00f3nico del editor comunicada en el ART\u00cdCULO 1.<\/p>\n<h3>ART\u00cdCULO 3 : Datos personales<\/h3>\n<p>El sitio garantiza al Usuario una recogida y un tratamiento de datos personales en el respeto de la vida privada conforme a la ley n\u00b078-17 del 6 de enero de 1978 relativa a la inform\u00e1tica, a los ficheros y a las libertades. El sitio est\u00e1 declarado a la CNIL.<\/p>\n<p>En virtud de la Ley de Protecci\u00f3n de Datos de 6 de enero de 1978, el Usuario tiene derecho a acceder, rectificar, suprimir y oponerse a sus datos personales. El Usuario ejerce este derecho :<\/p>\n<ul>\n<li>por correo electr\u00f3nico a la <em>direcci\u00f3n indicada en el art\u00edculo I<\/em><\/li>\n<li>por correo a la <em>direcci\u00f3n de la sede social<\/em><\/li>\n<\/ul>\n<h3> <\/h3>\n<h3>ART\u00cdCULO 4 : Propiedad intelectual<\/h3>\n<p>Las marcas, logotipos, signos as\u00ed como todos los contenidos del sitio (textos, im\u00e1genes, sonido&#8230;) son objeto de una protecci\u00f3n por el C\u00f3digo de la propiedad intelectual y m\u00e1s particularmente por el derecho de autor.<\/p>\n<p>El Usuario deber\u00e1 solicitar autorizaci\u00f3n previa a la web para cualquier reproducci\u00f3n, publicaci\u00f3n o copia de los distintos contenidos. El Usuario se compromete a utilizar los contenidos del sitio en un contexto estrictamente privado; cualquier uso con fines comerciales o publicitarios est\u00e1 estrictamente prohibido.<\/p>\n<p>Cualquier representaci\u00f3n total o parcial de este sitio web por cualquier procedimiento, sin la autorizaci\u00f3n expresa del operador del sitio web, constituir\u00eda una infracci\u00f3n sancionada por el art\u00edculo L 335-2 y siguientes del C\u00f3digo de la Propiedad Intelectual.<\/p>\n<p>Se recuerda, de conformidad con el art\u00edculo L122-5 del C\u00f3digo de la Propiedad Intelectual, que el Usuario que reproduzca, copie o publique el contenido protegido debe citar al autor y su fuente.<\/p>\n<h3>ART\u00cdCULO 5 : Responsabilidad<\/h3>\n<p>Las fuentes de informaci\u00f3n difundidas en el sitio <em>www.sofdi-group.com<\/em> se consideran fiables, pero el sitio no garantiza que est\u00e9n libres de defectos, errores u omisiones.<\/p>\n<p>La informaci\u00f3n comunicada se presenta a t\u00edtulo indicativo y general, sin valor contractual. A pesar de las actualizaciones peri\u00f3dicas, el sitio <em>www.sofdi-group.com<\/em> no se hace responsable de los cambios en las disposiciones administrativas y legales que se produzcan despu\u00e9s de su publicaci\u00f3n. Del mismo modo, el sitio no se hace responsable del uso e interpretaci\u00f3n de la informaci\u00f3n contenida en este sitio.<\/p>\n<p>El Usuario, preocupado por el \u00e1rea de miembros, se asegura de mantener su contrase\u00f1a en secreto. Queda prohibida cualquier divulgaci\u00f3n de la contrase\u00f1a, en cualquier forma. Asume los riesgos relacionados con el uso de su nombre de usuario y contrase\u00f1a. El sitio declina toda responsabilidad.<\/p>\n<p>El sitio <em>www.sofdi-group.com<\/em> no se hace responsable de los virus que puedan infectar el ordenador o cualquier equipo inform\u00e1tico del usuario de Internet, tras el uso, acceso o descarga de este sitio.<\/p>\n<p>La responsabilidad del sitio no puede ser comprometida en caso de fuerza mayor o de hecho imprevisible e insuperable de un tercero.<\/p>\n<h3>ART\u00cdCULO 6 : Enlaces de hipertexto<\/h3>\n<p>En el sitio web puede haber enlaces de hipertexto. Se informa al Usuario de que, al hacer clic en estos enlaces, abandonar\u00e1 el sitio <em>www.sofdi-group.com.<\/em> \u00c9sta no tiene control alguno sobre las p\u00e1ginas web a las que conducen dichos enlaces y no puede, en ning\u00fan caso, hacerse responsable de su contenido.<\/p>\n<h3> <\/h3>\n<h3>ARTICLE 7 : Cookies<\/h3>\n<p>Se informa al Usuario de que, durante sus visitas al sitio, puede instalarse autom\u00e1ticamente una cookie en su programa de navegaci\u00f3n.<\/p>\n<p>Las cookies son peque\u00f1os archivos almacenados temporalmente en el disco duro del ordenador del Usuario por su navegador y que son necesarios para el uso del sitio www.waxoyl-france.com. Las cookies no contienen informaci\u00f3n personal y no pueden utilizarse para identificar a nadie. Una cookie contiene un identificador \u00fanico, generado aleatoriamente y, por tanto, an\u00f3nimo. Algunas cookies expiran al final de la visita del Usuario, otras permanecen.<\/p>\n<p>La informaci\u00f3n contenida en las cookies se utiliza para mejorar el sitio, por ejemplo mediante :<\/p>\n<ul>\n<li>permitir que un servicio reconozca el dispositivo del Usuario, para que no tenga que dar la misma informaci\u00f3n una y otra vez, como al rellenar un formulario o una encuesta<\/li>\n<li>recordando que el Usuario ya ha dado su nombre de usuario y contrase\u00f1a, para que no tengas que volver a hacerlo en cada nueva p\u00e1gina<\/li>\n<li>supervisar c\u00f3mo utilizan los usuarios los servicios, para facilitar su uso y asignar suficiente potencia para garantizar la capacidad de respuesta<\/li>\n<li>Analizar datos \u00abanonimizados\u00bb para ayudar a comprender c\u00f3mo interact\u00faan los usuarios con diversos aspectos de los servicios en l\u00ednea y as\u00ed ayudar a mejorarlos.<\/li>\n<\/ul>\n<p>Al navegar por el sitio, el Usuario lo acepta. A falta de aceptaci\u00f3n, se informa al Usuario de que determinadas funcionalidades o p\u00e1ginas pueden ser rechazadas.<\/p>\n<p>El Usuario puede desactivar esta cookie mediante la configuraci\u00f3n de su navegador.<\/p>\n<h3> <\/h3>\n<h3>ART\u00cdCULO 8<em> <\/em>: Ley aplicable y jurisdicci\u00f3n  <\/h3>\n<p>El derecho franc\u00e9s se aplica a este contrato. En caso de que las partes no lleguen a un acuerdo amistoso, los tribunales franceses ser\u00e1n los \u00fanicos competentes.<\/p>\n<p>Para cualquier cuesti\u00f3n relativa a la aplicaci\u00f3n de las presentes CGU, puedes ponerte en contacto con el editor utilizando los datos de contacto que figuran en el ART\u00cdCULO 1<\/p>\n<\/div>\n<\/div>\n<\/div>\n<\/div>\n\t\t\t\t\t\t\t\t<\/div>\n\t\t\t\t<\/div>\n\t\t\t\t\t<\/div>\n\t\t<\/div>\n\t\t\t\t\t<\/div>\n\t\t<\/section>\n\t\t\t\t<\/div>\n\t\t","protected":false},"excerpt":{"rendered":"<p>Condiciones generales y condiciones En vigor a partir del 01 de enero de 2021 El objeto de las presentes condiciones generales de uso (denominadas \u00abCGU\u00bb) es proporcionar un marco legal a los t\u00e9rminos y condiciones de prestaci\u00f3n del sitio y de los servicios por parte de www.sofdi-group.com y definir las condiciones de acceso y utilizaci\u00f3n [&hellip;]<\/p>\n","protected":false},"author":1,"featured_media":0,"parent":0,"menu_order":0,"comment_status":"closed","ping_status":"open","template":"","meta":{"_acf_changed":false,"_eb_attr":"","footnotes":""},"class_list":["post-1117","page","type-page","status-publish","hentry"],"acf":[],"yoast_head":"<!-- This site is optimized with the Yoast SEO plugin v25.9 - https:\/\/yoast.com\/wordpress\/plugins\/seo\/ -->\n<title>Condiciones de uso | SOFDI Group<\/title>\n<meta name=\"description\" content=\"Descubra las Condiciones Generales de Uso (CGU) de SOFDI, que rigen el acceso y el uso de sofdi-group.com. Inf\u00f3rmese sobre los avisos legales, la recopilaci\u00f3n de datos y los derechos y responsabilidades de los usuarios.\" \/>\n<meta name=\"robots\" content=\"index, follow, max-snippet:-1, max-image-preview:large, max-video-preview:-1\" \/>\n<link rel=\"canonical\" href=\"https:\/\/sofdi-group.com\/es\/terminos-de-uso\/\" \/>\n<meta property=\"og:locale\" content=\"es_ES\" \/>\n<meta property=\"og:type\" content=\"article\" \/>\n<meta property=\"og:title\" content=\"Condiciones de uso | SOFDI Group\" \/>\n<meta property=\"og:description\" content=\"Descubra las Condiciones Generales de Uso (CGU) de SOFDI, que rigen el acceso y el uso de sofdi-group.com. Inf\u00f3rmese sobre los avisos legales, la recopilaci\u00f3n de datos y los derechos y responsabilidades de los usuarios.\" \/>\n<meta property=\"og:url\" content=\"https:\/\/sofdi-group.com\/es\/terminos-de-uso\/\" \/>\n<meta property=\"og:site_name\" content=\"SOFDI Group\" \/>\n<meta property=\"article:modified_time\" content=\"2024-05-17T12:58:14+00:00\" \/>\n<meta name=\"twitter:card\" content=\"summary_large_image\" \/>\n<meta name=\"twitter:label1\" content=\"Tiempo de lectura\" \/>\n\t<meta name=\"twitter:data1\" content=\"7 minutos\" \/>\n<script type=\"application\/ld+json\" class=\"yoast-schema-graph\">{\"@context\":\"https:\/\/schema.org\",\"@graph\":[{\"@type\":\"WebPage\",\"@id\":\"https:\/\/sofdi-group.com\/es\/terminos-de-uso\/\",\"url\":\"https:\/\/sofdi-group.com\/es\/terminos-de-uso\/\",\"name\":\"Condiciones de uso | SOFDI Group\",\"isPartOf\":{\"@id\":\"https:\/\/sofdi-group.com\/es\/#website\"},\"datePublished\":\"2022-04-26T14:48:00+00:00\",\"dateModified\":\"2024-05-17T12:58:14+00:00\",\"description\":\"Descubra las Condiciones Generales de Uso (CGU) de SOFDI, que rigen el acceso y el uso de sofdi-group.com. Inf\u00f3rmese sobre los avisos legales, la recopilaci\u00f3n de datos y los derechos y responsabilidades de los usuarios.\",\"breadcrumb\":{\"@id\":\"https:\/\/sofdi-group.com\/es\/terminos-de-uso\/#breadcrumb\"},\"inLanguage\":\"es\",\"potentialAction\":[{\"@type\":\"ReadAction\",\"target\":[\"https:\/\/sofdi-group.com\/es\/terminos-de-uso\/\"]}]},{\"@type\":\"BreadcrumbList\",\"@id\":\"https:\/\/sofdi-group.com\/es\/terminos-de-uso\/#breadcrumb\",\"itemListElement\":[{\"@type\":\"ListItem\",\"position\":1,\"name\":\"Home\",\"item\":\"https:\/\/sofdi-group.com\/es\/\"},{\"@type\":\"ListItem\",\"position\":2,\"name\":\"Condiciones de uso\"}]},{\"@type\":\"WebSite\",\"@id\":\"https:\/\/sofdi-group.com\/es\/#website\",\"url\":\"https:\/\/sofdi-group.com\/es\/\",\"name\":\"SOFDI Group\",\"description\":\"\",\"publisher\":{\"@id\":\"https:\/\/sofdi-group.com\/es\/#organization\"},\"potentialAction\":[{\"@type\":\"SearchAction\",\"target\":{\"@type\":\"EntryPoint\",\"urlTemplate\":\"https:\/\/sofdi-group.com\/es\/?s={search_term_string}\"},\"query-input\":{\"@type\":\"PropertyValueSpecification\",\"valueRequired\":true,\"valueName\":\"search_term_string\"}}],\"inLanguage\":\"es\"},{\"@type\":\"Organization\",\"@id\":\"https:\/\/sofdi-group.com\/es\/#organization\",\"name\":\"SOFDI Group\",\"url\":\"https:\/\/sofdi-group.com\/es\/\",\"logo\":{\"@type\":\"ImageObject\",\"inLanguage\":\"es\",\"@id\":\"https:\/\/sofdi-group.com\/es\/#\/schema\/logo\/image\/\",\"url\":\"https:\/\/sofdi-group.com\/wp-content\/uploads\/2023\/01\/Logo_SOFDI-small-1-e1675164519441.png\",\"contentUrl\":\"https:\/\/sofdi-group.com\/wp-content\/uploads\/2023\/01\/Logo_SOFDI-small-1-e1675164519441.png\",\"width\":185,\"height\":47,\"caption\":\"SOFDI Group\"},\"image\":{\"@id\":\"https:\/\/sofdi-group.com\/es\/#\/schema\/logo\/image\/\"}}]}<\/script>\n<!-- \/ Yoast SEO plugin. -->","yoast_head_json":{"title":"Condiciones de uso | SOFDI Group","description":"Descubra las Condiciones Generales de Uso (CGU) de SOFDI, que rigen el acceso y el uso de sofdi-group.com. Inf\u00f3rmese sobre los avisos legales, la recopilaci\u00f3n de datos y los derechos y responsabilidades de los usuarios.","robots":{"index":"index","follow":"follow","max-snippet":"max-snippet:-1","max-image-preview":"max-image-preview:large","max-video-preview":"max-video-preview:-1"},"canonical":"https:\/\/sofdi-group.com\/es\/terminos-de-uso\/","og_locale":"es_ES","og_type":"article","og_title":"Condiciones de uso | SOFDI Group","og_description":"Descubra las Condiciones Generales de Uso (CGU) de SOFDI, que rigen el acceso y el uso de sofdi-group.com. Inf\u00f3rmese sobre los avisos legales, la recopilaci\u00f3n de datos y los derechos y responsabilidades de los usuarios.","og_url":"https:\/\/sofdi-group.com\/es\/terminos-de-uso\/","og_site_name":"SOFDI Group","article_modified_time":"2024-05-17T12:58:14+00:00","twitter_card":"summary_large_image","twitter_misc":{"Tiempo de lectura":"7 minutos"},"schema":{"@context":"https:\/\/schema.org","@graph":[{"@type":"WebPage","@id":"https:\/\/sofdi-group.com\/es\/terminos-de-uso\/","url":"https:\/\/sofdi-group.com\/es\/terminos-de-uso\/","name":"Condiciones de uso | SOFDI Group","isPartOf":{"@id":"https:\/\/sofdi-group.com\/es\/#website"},"datePublished":"2022-04-26T14:48:00+00:00","dateModified":"2024-05-17T12:58:14+00:00","description":"Descubra las Condiciones Generales de Uso (CGU) de SOFDI, que rigen el acceso y el uso de sofdi-group.com. Inf\u00f3rmese sobre los avisos legales, la recopilaci\u00f3n de datos y los derechos y responsabilidades de los usuarios.","breadcrumb":{"@id":"https:\/\/sofdi-group.com\/es\/terminos-de-uso\/#breadcrumb"},"inLanguage":"es","potentialAction":[{"@type":"ReadAction","target":["https:\/\/sofdi-group.com\/es\/terminos-de-uso\/"]}]},{"@type":"BreadcrumbList","@id":"https:\/\/sofdi-group.com\/es\/terminos-de-uso\/#breadcrumb","itemListElement":[{"@type":"ListItem","position":1,"name":"Home","item":"https:\/\/sofdi-group.com\/es\/"},{"@type":"ListItem","position":2,"name":"Condiciones de uso"}]},{"@type":"WebSite","@id":"https:\/\/sofdi-group.com\/es\/#website","url":"https:\/\/sofdi-group.com\/es\/","name":"SOFDI Group","description":"","publisher":{"@id":"https:\/\/sofdi-group.com\/es\/#organization"},"potentialAction":[{"@type":"SearchAction","target":{"@type":"EntryPoint","urlTemplate":"https:\/\/sofdi-group.com\/es\/?s={search_term_string}"},"query-input":{"@type":"PropertyValueSpecification","valueRequired":true,"valueName":"search_term_string"}}],"inLanguage":"es"},{"@type":"Organization","@id":"https:\/\/sofdi-group.com\/es\/#organization","name":"SOFDI Group","url":"https:\/\/sofdi-group.com\/es\/","logo":{"@type":"ImageObject","inLanguage":"es","@id":"https:\/\/sofdi-group.com\/es\/#\/schema\/logo\/image\/","url":"https:\/\/sofdi-group.com\/wp-content\/uploads\/2023\/01\/Logo_SOFDI-small-1-e1675164519441.png","contentUrl":"https:\/\/sofdi-group.com\/wp-content\/uploads\/2023\/01\/Logo_SOFDI-small-1-e1675164519441.png","width":185,"height":47,"caption":"SOFDI Group"},"image":{"@id":"https:\/\/sofdi-group.com\/es\/#\/schema\/logo\/image\/"}}]}},"_links":{"self":[{"href":"https:\/\/sofdi-group.com\/es\/wp-json\/wp\/v2\/pages\/1117","targetHints":{"allow":["GET"]}}],"collection":[{"href":"https:\/\/sofdi-group.com\/es\/wp-json\/wp\/v2\/pages"}],"about":[{"href":"https:\/\/sofdi-group.com\/es\/wp-json\/wp\/v2\/types\/page"}],"author":[{"embeddable":true,"href":"https:\/\/sofdi-group.com\/es\/wp-json\/wp\/v2\/users\/1"}],"replies":[{"embeddable":true,"href":"https:\/\/sofdi-group.com\/es\/wp-json\/wp\/v2\/comments?post=1117"}],"version-history":[{"count":60,"href":"https:\/\/sofdi-group.com\/es\/wp-json\/wp\/v2\/pages\/1117\/revisions"}],"predecessor-version":[{"id":3744,"href":"https:\/\/sofdi-group.com\/es\/wp-json\/wp\/v2\/pages\/1117\/revisions\/3744"}],"wp:attachment":[{"href":"https:\/\/sofdi-group.com\/es\/wp-json\/wp\/v2\/media?parent=1117"}],"curies":[{"name":"wp","href":"https:\/\/api.w.org\/{rel}","templated":true}]}}