{"id":3307,"date":"2022-04-11T07:47:36","date_gmt":"2022-04-11T07:47:36","guid":{"rendered":"https:\/\/sofdi-group.com\/rechtliche-hinweise\/"},"modified":"2024-05-16T13:27:38","modified_gmt":"2024-05-16T13:27:38","slug":"rechtliche-hinweise","status":"publish","type":"page","link":"https:\/\/sofdi-group.com\/de\/rechtliche-hinweise\/","title":{"rendered":"Rechtliche Hinweise"},"content":{"rendered":"\t\t<div data-elementor-type=\"wp-page\" data-elementor-id=\"3307\" class=\"elementor elementor-3307 elementor-3\" data-elementor-post-type=\"page\">\n\t\t\t\t\t\t<section class=\"elementor-section elementor-top-section elementor-element elementor-element-59ffd73 elementor-section-full_width elementor-section-height-min-height elementor-section-content-middle elementor-section-height-default elementor-section-items-middle\" data-id=\"59ffd73\" data-element_type=\"section\" data-settings=\"{&quot;background_background&quot;:&quot;classic&quot;}\">\n\t\t\t\t\t\t<div class=\"elementor-container elementor-column-gap-default\">\n\t\t\t\t\t<div class=\"elementor-column elementor-col-100 elementor-top-column elementor-element elementor-element-2947c4d\" data-id=\"2947c4d\" data-element_type=\"column\">\n\t\t\t<div class=\"elementor-widget-wrap elementor-element-populated\">\n\t\t\t\t\t\t<div class=\"elementor-element elementor-element-ef3b48e elementor-widget elementor-widget-heading\" data-id=\"ef3b48e\" data-element_type=\"widget\" data-widget_type=\"heading.default\">\n\t\t\t\t<div class=\"elementor-widget-container\">\n\t\t\t\t\t<h1 class=\"elementor-heading-title elementor-size-default\">Rechtliche Hinweise<\/h1>\t\t\t\t<\/div>\n\t\t\t\t<\/div>\n\t\t\t\t\t<\/div>\n\t\t<\/div>\n\t\t\t\t\t<\/div>\n\t\t<\/section>\n\t\t\t\t<section class=\"elementor-section elementor-top-section elementor-element elementor-element-3af82ffa elementor-section-boxed elementor-section-height-default elementor-section-height-default\" data-id=\"3af82ffa\" data-element_type=\"section\">\n\t\t\t\t\t\t<div class=\"elementor-container elementor-column-gap-default\">\n\t\t\t\t\t<div class=\"elementor-column elementor-col-100 elementor-top-column elementor-element elementor-element-50157f77\" data-id=\"50157f77\" data-element_type=\"column\">\n\t\t\t<div class=\"elementor-widget-wrap elementor-element-populated\">\n\t\t\t\t\t\t<div class=\"elementor-element elementor-element-6e0101e elementor-widget elementor-widget-text-editor\" data-id=\"6e0101e\" data-element_type=\"widget\" data-widget_type=\"text-editor.default\">\n\t\t\t\t<div class=\"elementor-widget-container\">\n\t\t\t\t\t\t\t\t\t<div class=\"row\"><div class=\"col-12\"><p><strong>Herausgeber<\/strong><\/p><p>SOFDI<br \/>27 rue Foucher Leppeletier<br \/>92130 Issy-Les-Moulineaux<br \/>Tel.: 01 46 62 09 71<br \/><a href=\"mailto:support@sofdi-group.com\">support@sofdi-group.com<\/a><\/p><p>SAS mit einem Kapital von 500.000\u20ac.<br \/>Eingetragener Sitz: 27 rue Foucher Lepelletier<br \/>92130 Issy-Les-Moulineaux<br \/>Handelsregister Nanterre 424 982 080<br \/>Umsatzsteuer-Identifikationsnummer FR77 424982080<\/p><p><strong>Verlagsleiter<\/strong><\/p><p>Prune Maury-Laribi\u00e8re<\/p><p><strong>Host<\/strong><\/p><p>OVH <br \/>SAS mit einem Kapital von 10.069.020 \u20ac. <br \/>RCS Lille M\u00e9tropole 424 761 419 00045 <br \/>APE-Code 2620Z <br \/>MWST.-NR.: FR 22 424 761 419 <br \/>Eingetragener Sitz: 2 rue Kellermann &#8211; 59100 Roubaix &#8211; Frankreich<\/p><p><strong>Verantwortung<\/strong><\/p><p>SOFDI \u00fcbernimmt keine Haftung f\u00fcr Sch\u00e4den, die durch die Nutzung des Internets entstehen oder verursacht werden, insbesondere im Zusammenhang mit dem Zugang und der Nutzung der Website <a href=\"http:\/\/sofdi-group.com\">sofdi-group.com<\/a>.<\/p><\/div><\/div>\t\t\t\t\t\t\t\t<\/div>\n\t\t\t\t<\/div>\n\t\t\t\t\t<\/div>\n\t\t<\/div>\n\t\t\t\t\t<\/div>\n\t\t<\/section>\n\t\t\t\t<\/div>\n\t\t","protected":false},"excerpt":{"rendered":"<p>Rechtliche Hinweise Herausgeber SOFDI27 rue Foucher Leppeletier92130 Issy-Les-MoulineauxTel.: 01 46 62 09 71support@sofdi-group.com SAS mit einem Kapital von 500.000\u20ac.Eingetragener Sitz: 27 rue Foucher Lepelletier92130 Issy-Les-MoulineauxHandelsregister Nanterre 424 982 080Umsatzsteuer-Identifikationsnummer FR77 424982080 Verlagsleiter Prune Maury-Laribi\u00e8re Host OVH SAS mit einem Kapital von 10.069.020 \u20ac. RCS Lille M\u00e9tropole 424 761 419 00045 APE-Code 2620Z MWST.-NR.: FR 22 [&hellip;]<\/p>\n","protected":false},"author":1,"featured_media":0,"parent":0,"menu_order":0,"comment_status":"closed","ping_status":"closed","template":"","meta":{"_acf_changed":false,"_eb_attr":"","footnotes":""},"class_list":["post-3307","page","type-page","status-publish","hentry"],"acf":[],"yoast_head":"<!-- This site is optimized with the Yoast SEO plugin v25.9 - https:\/\/yoast.com\/wordpress\/plugins\/seo\/ -->\n<title>Rechtliche Hinweise | SOFDI Group<\/title>\n<meta name=\"description\" content=\"Entdecken Sie SOFDI, bietet Waxoyl-Korrosionsschutzl\u00f6sungen f\u00fcr Fahrzeuge. Kontaktieren Sie uns unter 01 46 62 09 71 oder support@sofdi-group.com, um weitere Informationen \u00fcber unsere Dienstleistungen zu erhalten. SOFDI hat seinen Sitz in Issy-les-Moulineaux und garantiert einen wirksamen Korrosionsschutz.\" \/>\n<meta name=\"robots\" content=\"index, follow, max-snippet:-1, max-image-preview:large, max-video-preview:-1\" \/>\n<link rel=\"canonical\" href=\"https:\/\/sofdi-group.com\/de\/rechtliche-hinweise\/\" \/>\n<meta property=\"og:locale\" content=\"de_DE\" \/>\n<meta property=\"og:type\" content=\"article\" \/>\n<meta property=\"og:title\" content=\"Rechtliche Hinweise | SOFDI Group\" \/>\n<meta property=\"og:description\" content=\"Entdecken Sie SOFDI, bietet Waxoyl-Korrosionsschutzl\u00f6sungen f\u00fcr Fahrzeuge. Kontaktieren Sie uns unter 01 46 62 09 71 oder support@sofdi-group.com, um weitere Informationen \u00fcber unsere Dienstleistungen zu erhalten. SOFDI hat seinen Sitz in Issy-les-Moulineaux und garantiert einen wirksamen Korrosionsschutz.\" \/>\n<meta property=\"og:url\" content=\"https:\/\/sofdi-group.com\/de\/rechtliche-hinweise\/\" \/>\n<meta property=\"og:site_name\" content=\"SOFDI Group\" \/>\n<meta property=\"article:modified_time\" content=\"2024-05-16T13:27:38+00:00\" \/>\n<meta name=\"twitter:card\" content=\"summary_large_image\" \/>\n<script type=\"application\/ld+json\" class=\"yoast-schema-graph\">{\"@context\":\"https:\/\/schema.org\",\"@graph\":[{\"@type\":\"WebPage\",\"@id\":\"https:\/\/sofdi-group.com\/de\/rechtliche-hinweise\/\",\"url\":\"https:\/\/sofdi-group.com\/de\/rechtliche-hinweise\/\",\"name\":\"Rechtliche Hinweise | SOFDI Group\",\"isPartOf\":{\"@id\":\"https:\/\/sofdi-group.com\/de\/#website\"},\"datePublished\":\"2022-04-11T07:47:36+00:00\",\"dateModified\":\"2024-05-16T13:27:38+00:00\",\"description\":\"Entdecken Sie SOFDI, bietet Waxoyl-Korrosionsschutzl\u00f6sungen f\u00fcr Fahrzeuge. Kontaktieren Sie uns unter 01 46 62 09 71 oder support@sofdi-group.com, um weitere Informationen \u00fcber unsere Dienstleistungen zu erhalten. SOFDI hat seinen Sitz in Issy-les-Moulineaux und garantiert einen wirksamen Korrosionsschutz.\",\"breadcrumb\":{\"@id\":\"https:\/\/sofdi-group.com\/de\/rechtliche-hinweise\/#breadcrumb\"},\"inLanguage\":\"de-DE\",\"potentialAction\":[{\"@type\":\"ReadAction\",\"target\":[\"https:\/\/sofdi-group.com\/de\/rechtliche-hinweise\/\"]}]},{\"@type\":\"BreadcrumbList\",\"@id\":\"https:\/\/sofdi-group.com\/de\/rechtliche-hinweise\/#breadcrumb\",\"itemListElement\":[{\"@type\":\"ListItem\",\"position\":1,\"name\":\"Home\",\"item\":\"https:\/\/sofdi-group.com\/de\/\"},{\"@type\":\"ListItem\",\"position\":2,\"name\":\"Rechtliche Hinweise\"}]},{\"@type\":\"WebSite\",\"@id\":\"https:\/\/sofdi-group.com\/de\/#website\",\"url\":\"https:\/\/sofdi-group.com\/de\/\",\"name\":\"SOFDI Group\",\"description\":\"\",\"publisher\":{\"@id\":\"https:\/\/sofdi-group.com\/de\/#organization\"},\"potentialAction\":[{\"@type\":\"SearchAction\",\"target\":{\"@type\":\"EntryPoint\",\"urlTemplate\":\"https:\/\/sofdi-group.com\/de\/?s={search_term_string}\"},\"query-input\":{\"@type\":\"PropertyValueSpecification\",\"valueRequired\":true,\"valueName\":\"search_term_string\"}}],\"inLanguage\":\"de-DE\"},{\"@type\":\"Organization\",\"@id\":\"https:\/\/sofdi-group.com\/de\/#organization\",\"name\":\"SOFDI Group\",\"url\":\"https:\/\/sofdi-group.com\/de\/\",\"logo\":{\"@type\":\"ImageObject\",\"inLanguage\":\"de-DE\",\"@id\":\"https:\/\/sofdi-group.com\/de\/#\/schema\/logo\/image\/\",\"url\":\"https:\/\/sofdi-group.com\/wp-content\/uploads\/2023\/01\/Logo_SOFDI-small-1-e1675164519441.png\",\"contentUrl\":\"https:\/\/sofdi-group.com\/wp-content\/uploads\/2023\/01\/Logo_SOFDI-small-1-e1675164519441.png\",\"width\":185,\"height\":47,\"caption\":\"SOFDI Group\"},\"image\":{\"@id\":\"https:\/\/sofdi-group.com\/de\/#\/schema\/logo\/image\/\"}}]}<\/script>\n<!-- \/ Yoast SEO plugin. -->","yoast_head_json":{"title":"Rechtliche Hinweise | SOFDI Group","description":"Entdecken Sie SOFDI, bietet Waxoyl-Korrosionsschutzl\u00f6sungen f\u00fcr Fahrzeuge. Kontaktieren Sie uns unter 01 46 62 09 71 oder support@sofdi-group.com, um weitere Informationen \u00fcber unsere Dienstleistungen zu erhalten. SOFDI hat seinen Sitz in Issy-les-Moulineaux und garantiert einen wirksamen Korrosionsschutz.","robots":{"index":"index","follow":"follow","max-snippet":"max-snippet:-1","max-image-preview":"max-image-preview:large","max-video-preview":"max-video-preview:-1"},"canonical":"https:\/\/sofdi-group.com\/de\/rechtliche-hinweise\/","og_locale":"de_DE","og_type":"article","og_title":"Rechtliche Hinweise | SOFDI Group","og_description":"Entdecken Sie SOFDI, bietet Waxoyl-Korrosionsschutzl\u00f6sungen f\u00fcr Fahrzeuge. Kontaktieren Sie uns unter 01 46 62 09 71 oder support@sofdi-group.com, um weitere Informationen \u00fcber unsere Dienstleistungen zu erhalten. SOFDI hat seinen Sitz in Issy-les-Moulineaux und garantiert einen wirksamen Korrosionsschutz.","og_url":"https:\/\/sofdi-group.com\/de\/rechtliche-hinweise\/","og_site_name":"SOFDI Group","article_modified_time":"2024-05-16T13:27:38+00:00","twitter_card":"summary_large_image","schema":{"@context":"https:\/\/schema.org","@graph":[{"@type":"WebPage","@id":"https:\/\/sofdi-group.com\/de\/rechtliche-hinweise\/","url":"https:\/\/sofdi-group.com\/de\/rechtliche-hinweise\/","name":"Rechtliche Hinweise | SOFDI Group","isPartOf":{"@id":"https:\/\/sofdi-group.com\/de\/#website"},"datePublished":"2022-04-11T07:47:36+00:00","dateModified":"2024-05-16T13:27:38+00:00","description":"Entdecken Sie SOFDI, bietet Waxoyl-Korrosionsschutzl\u00f6sungen f\u00fcr Fahrzeuge. Kontaktieren Sie uns unter 01 46 62 09 71 oder support@sofdi-group.com, um weitere Informationen \u00fcber unsere Dienstleistungen zu erhalten. SOFDI hat seinen Sitz in Issy-les-Moulineaux und garantiert einen wirksamen Korrosionsschutz.","breadcrumb":{"@id":"https:\/\/sofdi-group.com\/de\/rechtliche-hinweise\/#breadcrumb"},"inLanguage":"de-DE","potentialAction":[{"@type":"ReadAction","target":["https:\/\/sofdi-group.com\/de\/rechtliche-hinweise\/"]}]},{"@type":"BreadcrumbList","@id":"https:\/\/sofdi-group.com\/de\/rechtliche-hinweise\/#breadcrumb","itemListElement":[{"@type":"ListItem","position":1,"name":"Home","item":"https:\/\/sofdi-group.com\/de\/"},{"@type":"ListItem","position":2,"name":"Rechtliche Hinweise"}]},{"@type":"WebSite","@id":"https:\/\/sofdi-group.com\/de\/#website","url":"https:\/\/sofdi-group.com\/de\/","name":"SOFDI Group","description":"","publisher":{"@id":"https:\/\/sofdi-group.com\/de\/#organization"},"potentialAction":[{"@type":"SearchAction","target":{"@type":"EntryPoint","urlTemplate":"https:\/\/sofdi-group.com\/de\/?s={search_term_string}"},"query-input":{"@type":"PropertyValueSpecification","valueRequired":true,"valueName":"search_term_string"}}],"inLanguage":"de-DE"},{"@type":"Organization","@id":"https:\/\/sofdi-group.com\/de\/#organization","name":"SOFDI Group","url":"https:\/\/sofdi-group.com\/de\/","logo":{"@type":"ImageObject","inLanguage":"de-DE","@id":"https:\/\/sofdi-group.com\/de\/#\/schema\/logo\/image\/","url":"https:\/\/sofdi-group.com\/wp-content\/uploads\/2023\/01\/Logo_SOFDI-small-1-e1675164519441.png","contentUrl":"https:\/\/sofdi-group.com\/wp-content\/uploads\/2023\/01\/Logo_SOFDI-small-1-e1675164519441.png","width":185,"height":47,"caption":"SOFDI Group"},"image":{"@id":"https:\/\/sofdi-group.com\/de\/#\/schema\/logo\/image\/"}}]}},"_links":{"self":[{"href":"https:\/\/sofdi-group.com\/de\/wp-json\/wp\/v2\/pages\/3307","targetHints":{"allow":["GET"]}}],"collection":[{"href":"https:\/\/sofdi-group.com\/de\/wp-json\/wp\/v2\/pages"}],"about":[{"href":"https:\/\/sofdi-group.com\/de\/wp-json\/wp\/v2\/types\/page"}],"author":[{"embeddable":true,"href":"https:\/\/sofdi-group.com\/de\/wp-json\/wp\/v2\/users\/1"}],"replies":[{"embeddable":true,"href":"https:\/\/sofdi-group.com\/de\/wp-json\/wp\/v2\/comments?post=3307"}],"version-history":[{"count":14,"href":"https:\/\/sofdi-group.com\/de\/wp-json\/wp\/v2\/pages\/3307\/revisions"}],"predecessor-version":[{"id":3761,"href":"https:\/\/sofdi-group.com\/de\/wp-json\/wp\/v2\/pages\/3307\/revisions\/3761"}],"wp:attachment":[{"href":"https:\/\/sofdi-group.com\/de\/wp-json\/wp\/v2\/media?parent=3307"}],"curies":[{"name":"wp","href":"https:\/\/api.w.org\/{rel}","templated":true}]}}