{"id":3299,"date":"2022-04-26T14:48:00","date_gmt":"2022-04-26T14:48:00","guid":{"rendered":"https:\/\/sofdi-group.com\/nutzungsbedingungen\/"},"modified":"2024-05-16T13:16:01","modified_gmt":"2024-05-16T13:16:01","slug":"nutzungsbedingungen","status":"publish","type":"page","link":"https:\/\/sofdi-group.com\/de\/nutzungsbedingungen\/","title":{"rendered":"Bedingungen f\u00fcr die Nutzung"},"content":{"rendered":"\t\t<div data-elementor-type=\"wp-page\" data-elementor-id=\"3299\" class=\"elementor elementor-3299 elementor-504\" data-elementor-post-type=\"page\">\n\t\t\t\t\t\t<section class=\"elementor-section elementor-top-section elementor-element elementor-element-59ffd73 elementor-section-full_width elementor-section-height-min-height elementor-section-content-middle elementor-section-height-default elementor-section-items-middle\" data-id=\"59ffd73\" data-element_type=\"section\" data-settings=\"{&quot;background_background&quot;:&quot;classic&quot;}\">\n\t\t\t\t\t\t<div class=\"elementor-container elementor-column-gap-default\">\n\t\t\t\t\t<div class=\"elementor-column elementor-col-100 elementor-top-column elementor-element elementor-element-2947c4d\" data-id=\"2947c4d\" data-element_type=\"column\">\n\t\t\t<div class=\"elementor-widget-wrap elementor-element-populated\">\n\t\t\t\t\t\t<div class=\"elementor-element elementor-element-ef3b48e elementor-widget elementor-widget-heading\" data-id=\"ef3b48e\" data-element_type=\"widget\" data-widget_type=\"heading.default\">\n\t\t\t\t<div class=\"elementor-widget-container\">\n\t\t\t\t\t<h1 class=\"elementor-heading-title elementor-size-default\">Allgemeine Bedingungen  <br>  und Bedingungen<\/h1>\t\t\t\t<\/div>\n\t\t\t\t<\/div>\n\t\t\t\t\t<\/div>\n\t\t<\/div>\n\t\t\t\t\t<\/div>\n\t\t<\/section>\n\t\t\t\t<section class=\"elementor-section elementor-top-section elementor-element elementor-element-3af82ffa elementor-section-boxed elementor-section-height-default elementor-section-height-default\" data-id=\"3af82ffa\" data-element_type=\"section\">\n\t\t\t\t\t\t<div class=\"elementor-container elementor-column-gap-default\">\n\t\t\t\t\t<div class=\"elementor-column elementor-col-100 elementor-top-column elementor-element elementor-element-50157f77\" data-id=\"50157f77\" data-element_type=\"column\">\n\t\t\t<div class=\"elementor-widget-wrap elementor-element-populated\">\n\t\t\t\t\t\t<div class=\"elementor-element elementor-element-6e0101e elementor-widget elementor-widget-text-editor\" data-id=\"6e0101e\" data-element_type=\"widget\" data-widget_type=\"text-editor.default\">\n\t\t\t\t<div class=\"elementor-widget-container\">\n\t\t\t\t\t\t\t\t\t<div class=\"row\">\n<div class=\"col-12\">\n<div class=\"row\">\n<div class=\"col-12\">\n<p>G\u00fcltig ab 01. Januar 2021<\/p>\n<p><em style=\"font-family: var( --e-global-typography-text-font-family ), Sans-serif; font-size: var( --e-global-typography-text-font-size ); font-weight: var( --e-global-typography-text-font-weight );\"> <\/em><\/p>\n<p>Der Zweck der vorliegenden allgemeinen Nutzungsbedingungen (bekannt als &#8222;ANB&#8220;) ist es, einen rechtlichen Rahmen f\u00fcr die Bedingungen der Bereitstellung der Website und der Dienste durch  <br \/>www.sofdi-group.com und die Bedingungen f\u00fcr den Zugang und die Nutzung der Dienste durch den &#8222;Nutzer&#8220; festzulegen. Die aktuellen GTU sind auf der Website unter der Rubrik &#8222;GTU&#8220; zug\u00e4nglich.<\/p>\n<p>Die AGB m\u00fcssen von jedem Benutzer, der auf die Website zugreifen m\u00f6chte, akzeptiert werden. Sie stellen den Vertrag zwischen der Website und dem Nutzer dar. Der Zugriff auf die Website durch den Benutzer bedeutet, dass er die vorliegenden AGB akzeptiert. Der Benutzer verpflichtet sich, die vorliegenden Bedingungen zu respektieren.<\/p>\n<p>Jede Registrierung oder Nutzung der Website impliziert die vorbehaltlose und uneingeschr\u00e4nkte Annahme dieser AGB durch den Nutzer. Bei der Registrierung auf der Website \u00fcber das Registrierungsformular akzeptiert jeder Nutzer ausdr\u00fccklich die vorliegenden AGB, indem er das K\u00e4stchen vor dem folgenden Text ankreuzt: &#8222;Ich best\u00e4tige, dass ich die AGB gelesen und verstanden habe und akzeptiere sie&#8220;.<\/p>\n<p>Im Falle der Nichtannahme der in diesem Vertrag festgelegten AGB muss der Nutzer auf den Zugang zu den von der Website <em>www.sofdi-group.com<\/em> angebotenen Diensten verzichten und beh\u00e4lt sich das Recht vor, den Inhalt der vorliegenden AGB jederzeit einseitig zu \u00e4ndern.<\/p>\n<h3> <\/h3>\n<h3>ARTIKEL 1 : Rechtliche Hinweise<\/h3>\n<p><em> <br \/><\/em>Die Ausgabe der Website  <em>www.sofdi-group.com <\/em>wird von der Gesellschaft sichergestellt  <em>Sofdi SARL <\/em>mit einem Kapital von  <em>150 000\u20ac<\/em>, registriert bei der RCS de  <em>Nanterre <\/em>unter der Nummer  <em>424 982 080 <\/em>, dessen B\u00fcro sich unter folgender Adresse befindet  <em>  27 rue foucher Lepelletier 92130 Issy-Les-Moulineaux, 01 46 62 09 71, support@sofdi-group.com.  <br \/><\/em>Interkommunale Umsatzsteuer-Identifikationsnummer :  <em>FR77 424 982 080.<\/em><\/p>\n<p>Der Direktor der Publikation ist <em>Prune Maury-Laribi\u00e8re.<\/em><\/p>\n<p>Der Betreiber der Website <em>www.sofdi-group.com <\/em>ist die Firma OVH, mit einem Kapital von 10 069 020\u20ac, eingetragen im RCS von <em>Lille <\/em>unter der Nummer 424 761 419 00045<em>, <\/em>deren Hauptsitz sich in 2 rue Kellermann &#8211; 59100 Roubaix &#8211; Frankreich befindet.<\/p>\n<h3> <\/h3>\n<h3>ARTIKEL 2 : Zugang zur Website<\/h3>\n<p>Die Website <em>www.sofdi-group.com <\/em>erm\u00f6glicht dem Benutzer einen kostenlosen Zugang zu den folgenden Dienstleistungen:<em><br \/>\n  <br \/>\n<\/em>die Pr\u00e4sentation der Marke Waxoyl und der verschiedenen von Sofdi vertriebenen Produkte.<\/p>\n<p>Die Website ist f\u00fcr jeden Benutzer, der einen Internetzugang hat, kostenlos und \u00fcberall zug\u00e4nglich. Alle Kosten, die dem Nutzer f\u00fcr den Zugriff auf den Dienst entstehen (Computerhardware, Software, Internetverbindung usw.), gehen zu seinen Lasten.<\/p>\n<p><em>Der Mitgliederbereich :<\/em><\/p>\n<p>Der Nicht-Mitglieder-Nutzer hat keinen Zugang zu den reservierten Diensten. Diese Dienste sind nur f\u00fcr H\u00e4ndler zug\u00e4nglich, die die Einrichtung eines pers\u00f6nlichen Bereichs beantragt haben.<\/p>\n<p>Der Nutzer ist f\u00fcr die Aktualisierung der angegebenen Informationen verantwortlich. Es wird ihm mitgeteilt, dass er sie \u00e4ndern kann, indem er sich mit seinem Mitgliederbereich verbindet.<\/p>\n<p>Um Zugang zu den Diensten zu erhalten, muss sich der Nutzer mit seinem Benutzernamen und seinem Passwort identifizieren, die ihm nach seiner Registrierung mitgeteilt werden und die streng pers\u00f6nlich sind. Daher ist es ihm\/ihr verboten, sie zu ver\u00f6ffentlichen. Andernfalls bleibt er allein verantwortlich f\u00fcr die Verwendung der Daten.<\/p>\n<p>Der Nutzer kann die Abmeldung auch per E-Mail an <em>support@sofdi-group.com<\/em> beantragen <em>.<\/em> Diese wird innerhalb eines angemessenen Zeitraums in Kraft treten.<\/p>\n<p>Bei Nichteinhaltung der allgemeinen Verkaufs- und\/oder Nutzungsbedingungen hat die Website <em>www.sofdi-group.com<\/em> die M\u00f6glichkeit, das Konto eines Benutzers nach einer formellen, auf elektronischem Wege versandten und wirkungslosen Mahnung zu sperren oder sogar zu schlie\u00dfen.<\/p>\n<p>Jede L\u00f6schung des Kontos, aus welchem Grund auch immer, hat die reine und einfache L\u00f6schung aller pers\u00f6nlichen Daten des Benutzers zur Folge.<\/p>\n<p>Jedes Ereignis, das auf eine absolute Notwendigkeit zur\u00fcckzuf\u00fchren ist und eine St\u00f6rung der Website oder des Servers zur Folge hat, sowie jede Unterbrechung oder \u00c4nderung im Falle einer Wartung, unterliegt nicht der Verantwortung von www.sofdi-group.com. In diesen F\u00e4llen erkl\u00e4rt sich der Nutzer damit einverstanden, den Herausgeber nicht f\u00fcr eine Unterbrechung oder Aussetzung des Dienstes verantwortlich zu machen, auch nicht ohne vorherige Ank\u00fcndigung.<\/p>\n<p>Der Nutzer hat die M\u00f6glichkeit, die Website per elektronischer Nachricht an die in ARTIKEL 1 angegebene E-Mail-Adresse des Herausgebers zu kontaktieren.<\/p>\n<h3>ARTIKEL 3 : Personenbezogene Daten<\/h3>\n<p>Die Website garantiert dem Benutzer eine Sammlung und eine Behandlung von pers\u00f6nlichen Informationen im Respekt des Privatlebens in \u00dcbereinstimmung mit dem Gesetz n\u00b078-17 vom 6. Januar 1978 bez\u00fcglich der Datenverarbeitung, der Dateien und der Freiheiten. Die Website ist bei der CNIL angemeldet.<\/p>\n<p>Gem\u00e4\u00df dem Datenschutzgesetz vom 6. Januar 1978 hat der Nutzer das Recht auf Zugang, Berichtigung, L\u00f6schung und Einspruch gegen seine pers\u00f6nlichen Daten. Der Nutzer macht von diesem Recht Gebrauch:<\/p>\n<ul>\n<li>per E-Mail an die <em>in Artikel I angegebene Adresse<\/em><\/li>\n<li>per Post an die <em>Adresse des Hauptsitzes<\/em><\/li>\n<\/ul>\n<h3> <\/h3>\n<h3>ARTIKEL 4 : Geistiges Eigentum<\/h3>\n<p>Die Marken, Logos, Zeichen sowie der gesamte Inhalt der Website (Texte, Bilder, Ton&#8230;) sind Gegenstand eines Schutzes durch das Gesetzbuch des geistigen Eigentums und insbesondere durch das Urheberrecht.<\/p>\n<p>Der Nutzer muss f\u00fcr jede Reproduktion, Ver\u00f6ffentlichung oder Kopie der verschiedenen Inhalte die vorherige Genehmigung der Website einholen. Der Benutzer verpflichtet sich, die Inhalte der Website ausschlie\u00dflich privat zu nutzen; jede Nutzung zu kommerziellen oder Werbezwecken ist strengstens untersagt.<\/p>\n<p>Jede vollst\u00e4ndige oder teilweise Darstellung dieser Website durch ein beliebiges Verfahren ohne die ausdr\u00fcckliche Genehmigung des Betreibers der Website stellt eine Verletzung dar, die gem\u00e4\u00df Artikel L 335-2 ff. des Gesetzes \u00fcber geistiges Eigentum geahndet wird.<\/p>\n<p>Gem\u00e4\u00df Artikel L122-5 des Gesetzes \u00fcber das geistige Eigentum wird daran erinnert, dass der Nutzer, der den gesch\u00fctzten Inhalt reproduziert, kopiert oder ver\u00f6ffentlicht, den Autor und die Quelle angeben muss.<\/p>\n<h3>ARTIKEL 5 : Verantwortung<\/h3>\n<p>Die Quellen der auf der Website <em>www.sofdi-group.com<\/em> verbreiteten Informationen gelten als zuverl\u00e4ssig, aber die Website garantiert nicht, dass sie frei von M\u00e4ngeln, Fehlern oder Auslassungen sind.<\/p>\n<p>Die \u00fcbermittelten Informationen werden als Hinweis und allgemein ohne vertraglichen Wert dargestellt. Trotz regelm\u00e4\u00dfiger Aktualisierungen kann die Website <em>www.sofdi-group.com<\/em> nicht f\u00fcr \u00c4nderungen der administrativen und gesetzlichen Bestimmungen verantwortlich gemacht werden, die nach der Ver\u00f6ffentlichung eintreten. Ebenso kann die Website nicht f\u00fcr die Nutzung und Auslegung der auf dieser Website enthaltenen Informationen verantwortlich gemacht werden.<\/p>\n<p>Der Benutzer, der vom Mitgliederbereich betroffen ist, achtet darauf, sein Passwort geheim zu halten. Jegliche Weitergabe des Passworts, in welcher Form auch immer, ist verboten. Er \u00fcbernimmt die Risiken, die mit der Verwendung seines Logins und Passworts verbunden sind. Die Website lehnt jede Verantwortung ab.<\/p>\n<p>Die Website <em>www.sofdi-group.com<\/em> kann nicht f\u00fcr Viren verantwortlich gemacht werden, die den Computer oder die Computerausr\u00fcstung des Internetnutzers nach der Nutzung, dem Zugriff oder dem Herunterladen von dieser Website infizieren k\u00f6nnten.<\/p>\n<p>Die Verantwortung der Website kann nicht im Falle von h\u00f6herer Gewalt oder unvorhersehbaren und un\u00fcberwindbaren Umst\u00e4nden eines Dritten \u00fcbernommen werden.<\/p>\n<h3>ARTIKEL 6 : Hypertext-Links<\/h3>\n<p>Hypertext-Links k\u00f6nnen auf der Website vorhanden sein. Der Benutzer wird darauf hingewiesen, dass er durch Anklicken dieser Links die Website <em>www.sofdi-group.com<\/em> verl\u00e4sst <em>.<\/em> Letztere hat keine Kontrolle \u00fcber die Webseiten, zu denen diese Links f\u00fchren, und kann in keinem Fall f\u00fcr deren Inhalt verantwortlich gemacht werden.<\/p>\n<h3> <\/h3>\n<h3>ARTIKEL 7 : Cookies<\/h3>\n<p>Der Benutzer wird dar\u00fcber informiert, dass bei seinen Besuchen auf der Website automatisch ein Cookie auf seiner Navigationssoftware installiert werden kann.<\/p>\n<p>Cookies sind kleine Dateien, die von Ihrem Browser vor\u00fcbergehend auf der Festplatte des Computers des Nutzers gespeichert werden und die f\u00fcr die Nutzung der Website www.waxoyl-france.com erforderlich sind. Cookies enthalten keine pers\u00f6nlichen Informationen und k\u00f6nnen nicht zur Identifizierung von Personen verwendet werden. Ein Cookie enth\u00e4lt eine eindeutige Kennung, die nach dem Zufallsprinzip erzeugt wird und daher anonym ist. Einige Cookies verfallen am Ende des Besuchs des Benutzers, andere bleiben bestehen.<\/p>\n<p>Die in Cookies enthaltenen Informationen werden verwendet, um die Website zu verbessern, zum Beispiel durch :<\/p>\n<ul>\n<li>Erm\u00f6glichung der Erkennung des Ger\u00e4ts des Nutzers durch einen Dienst, so dass er nicht immer wieder dieselben Informationen eingeben muss, z. B. beim Ausf\u00fcllen eines Formulars oder einer Umfrage<\/li>\n<li>daran denken, dass der Benutzer sein Login und Passwort bereits eingegeben hat, so dass Sie dies nicht auf jeder neuen Seite erneut tun m\u00fcssen<\/li>\n<li>Beobachtung der Nutzung der Dienste durch die Benutzer, um die Nutzung zu erleichtern und gen\u00fcgend Leistung zuzuweisen, um die Reaktionsf\u00e4higkeit zu gew\u00e4hrleisten<\/li>\n<li>Analyse &#8222;anonymisierter&#8220; Daten, um zu verstehen, wie Benutzer mit verschiedenen Aspekten der Online-Dienste interagieren, und um diese zu verbessern.<\/li>\n<\/ul>\n<p>Mit dem Besuch der Website akzeptiert der Benutzer dies. In Ermangelung der Zustimmung wird der Nutzer dar\u00fcber informiert, dass bestimmte Funktionen oder Seiten abgelehnt werden k\u00f6nnen.<\/p>\n<p>Der Benutzer kann dieses Cookie \u00fcber die Einstellungen in seinem Browser deaktivieren.<\/p>\n<h3> <\/h3>\n<h3>ARTIKEL 8<em> <\/em>: Anwendbares Recht und Gerichtsbarkeit  <\/h3>\n<p>F\u00fcr diesen Vertrag gilt franz\u00f6sisches Recht. Sollte es nicht gelingen, eine g\u00fctliche Einigung zwischen den Parteien herbeizuf\u00fchren, sind ausschlie\u00dflich die franz\u00f6sischen Gerichte zust\u00e4ndig.<\/p>\n<p>Bei Fragen zur Anwendung der vorliegenden GTU k\u00f6nnen Sie den Herausgeber unter den in ARTIKEL 1 angegebenen Kontaktdaten kontaktieren.<\/p>\n<\/div>\n<\/div>\n<\/div>\n<\/div>\n\t\t\t\t\t\t\t\t<\/div>\n\t\t\t\t<\/div>\n\t\t\t\t\t<\/div>\n\t\t<\/div>\n\t\t\t\t\t<\/div>\n\t\t<\/section>\n\t\t\t\t<\/div>\n\t\t","protected":false},"excerpt":{"rendered":"<p>Allgemeine Bedingungen Nutzungen G\u00fcltig ab 01. Januar 2021 Die vorliegenden Allgemeinen Nutzungsbedingungen (nachstehend &#8222;ANB&#8220; genannt) dienen der rechtlichen Regelung der Modalit\u00e4ten f\u00fcr die Bereitstellung der Website und der Dienstleistungen durch sofdi-group.com. und die Bedingungen f\u00fcr den Zugang und die Nutzung der Dienste durch den &#8222;Nutzer&#8220; festzulegen. Die vorliegenden Nutzungsbedingungen sind auf der Website unter der [&hellip;]<\/p>\n","protected":false},"author":1,"featured_media":0,"parent":0,"menu_order":0,"comment_status":"closed","ping_status":"open","template":"","meta":{"_acf_changed":false,"_eb_attr":"","footnotes":""},"class_list":["post-3299","page","type-page","status-publish","hentry"],"acf":[],"yoast_head":"<!-- This site is optimized with the Yoast SEO plugin v25.9 - https:\/\/yoast.com\/wordpress\/plugins\/seo\/ -->\n<title>Bedingungen f\u00fcr die Nutzung | SOFDI Group<\/title>\n<meta name=\"description\" content=\"Hier finden Sie die Allgemeinen Nutzungsbedingungen (ANB) von SOFDI, die den Zugang und die Nutzung von sofdi-group.com regeln. Informieren Sie sich \u00fcber die rechtlichen Hinweise, die Datenerhebung sowie die Rechte und Pflichten der Nutzer.\" \/>\n<meta name=\"robots\" content=\"index, follow, max-snippet:-1, max-image-preview:large, max-video-preview:-1\" \/>\n<link rel=\"canonical\" href=\"https:\/\/sofdi-group.com\/de\/nutzungsbedingungen\/\" \/>\n<meta property=\"og:locale\" content=\"de_DE\" \/>\n<meta property=\"og:type\" content=\"article\" \/>\n<meta property=\"og:title\" content=\"Bedingungen f\u00fcr die Nutzung | SOFDI Group\" \/>\n<meta property=\"og:description\" content=\"Hier finden Sie die Allgemeinen Nutzungsbedingungen (ANB) von SOFDI, die den Zugang und die Nutzung von sofdi-group.com regeln. Informieren Sie sich \u00fcber die rechtlichen Hinweise, die Datenerhebung sowie die Rechte und Pflichten der Nutzer.\" \/>\n<meta property=\"og:url\" content=\"https:\/\/sofdi-group.com\/de\/nutzungsbedingungen\/\" \/>\n<meta property=\"og:site_name\" content=\"SOFDI Group\" \/>\n<meta property=\"article:modified_time\" content=\"2024-05-16T13:16:01+00:00\" \/>\n<meta name=\"twitter:card\" content=\"summary_large_image\" \/>\n<meta name=\"twitter:label1\" content=\"Gesch\u00e4tzte Lesezeit\" \/>\n\t<meta name=\"twitter:data1\" content=\"7 Minuten\" \/>\n<script type=\"application\/ld+json\" class=\"yoast-schema-graph\">{\"@context\":\"https:\/\/schema.org\",\"@graph\":[{\"@type\":\"WebPage\",\"@id\":\"https:\/\/sofdi-group.com\/de\/nutzungsbedingungen\/\",\"url\":\"https:\/\/sofdi-group.com\/de\/nutzungsbedingungen\/\",\"name\":\"Bedingungen f\u00fcr die Nutzung | SOFDI Group\",\"isPartOf\":{\"@id\":\"https:\/\/sofdi-group.com\/de\/#website\"},\"datePublished\":\"2022-04-26T14:48:00+00:00\",\"dateModified\":\"2024-05-16T13:16:01+00:00\",\"description\":\"Hier finden Sie die Allgemeinen Nutzungsbedingungen (ANB) von SOFDI, die den Zugang und die Nutzung von sofdi-group.com regeln. Informieren Sie sich \u00fcber die rechtlichen Hinweise, die Datenerhebung sowie die Rechte und Pflichten der Nutzer.\",\"breadcrumb\":{\"@id\":\"https:\/\/sofdi-group.com\/de\/nutzungsbedingungen\/#breadcrumb\"},\"inLanguage\":\"de-DE\",\"potentialAction\":[{\"@type\":\"ReadAction\",\"target\":[\"https:\/\/sofdi-group.com\/de\/nutzungsbedingungen\/\"]}]},{\"@type\":\"BreadcrumbList\",\"@id\":\"https:\/\/sofdi-group.com\/de\/nutzungsbedingungen\/#breadcrumb\",\"itemListElement\":[{\"@type\":\"ListItem\",\"position\":1,\"name\":\"Home\",\"item\":\"https:\/\/sofdi-group.com\/de\/\"},{\"@type\":\"ListItem\",\"position\":2,\"name\":\"Bedingungen f\u00fcr die Nutzung\"}]},{\"@type\":\"WebSite\",\"@id\":\"https:\/\/sofdi-group.com\/de\/#website\",\"url\":\"https:\/\/sofdi-group.com\/de\/\",\"name\":\"SOFDI Group\",\"description\":\"\",\"publisher\":{\"@id\":\"https:\/\/sofdi-group.com\/de\/#organization\"},\"potentialAction\":[{\"@type\":\"SearchAction\",\"target\":{\"@type\":\"EntryPoint\",\"urlTemplate\":\"https:\/\/sofdi-group.com\/de\/?s={search_term_string}\"},\"query-input\":{\"@type\":\"PropertyValueSpecification\",\"valueRequired\":true,\"valueName\":\"search_term_string\"}}],\"inLanguage\":\"de-DE\"},{\"@type\":\"Organization\",\"@id\":\"https:\/\/sofdi-group.com\/de\/#organization\",\"name\":\"SOFDI Group\",\"url\":\"https:\/\/sofdi-group.com\/de\/\",\"logo\":{\"@type\":\"ImageObject\",\"inLanguage\":\"de-DE\",\"@id\":\"https:\/\/sofdi-group.com\/de\/#\/schema\/logo\/image\/\",\"url\":\"https:\/\/sofdi-group.com\/wp-content\/uploads\/2023\/01\/Logo_SOFDI-small-1-e1675164519441.png\",\"contentUrl\":\"https:\/\/sofdi-group.com\/wp-content\/uploads\/2023\/01\/Logo_SOFDI-small-1-e1675164519441.png\",\"width\":185,\"height\":47,\"caption\":\"SOFDI Group\"},\"image\":{\"@id\":\"https:\/\/sofdi-group.com\/de\/#\/schema\/logo\/image\/\"}}]}<\/script>\n<!-- \/ Yoast SEO plugin. -->","yoast_head_json":{"title":"Bedingungen f\u00fcr die Nutzung | SOFDI Group","description":"Hier finden Sie die Allgemeinen Nutzungsbedingungen (ANB) von SOFDI, die den Zugang und die Nutzung von sofdi-group.com regeln. Informieren Sie sich \u00fcber die rechtlichen Hinweise, die Datenerhebung sowie die Rechte und Pflichten der Nutzer.","robots":{"index":"index","follow":"follow","max-snippet":"max-snippet:-1","max-image-preview":"max-image-preview:large","max-video-preview":"max-video-preview:-1"},"canonical":"https:\/\/sofdi-group.com\/de\/nutzungsbedingungen\/","og_locale":"de_DE","og_type":"article","og_title":"Bedingungen f\u00fcr die Nutzung | SOFDI Group","og_description":"Hier finden Sie die Allgemeinen Nutzungsbedingungen (ANB) von SOFDI, die den Zugang und die Nutzung von sofdi-group.com regeln. Informieren Sie sich \u00fcber die rechtlichen Hinweise, die Datenerhebung sowie die Rechte und Pflichten der Nutzer.","og_url":"https:\/\/sofdi-group.com\/de\/nutzungsbedingungen\/","og_site_name":"SOFDI Group","article_modified_time":"2024-05-16T13:16:01+00:00","twitter_card":"summary_large_image","twitter_misc":{"Gesch\u00e4tzte Lesezeit":"7 Minuten"},"schema":{"@context":"https:\/\/schema.org","@graph":[{"@type":"WebPage","@id":"https:\/\/sofdi-group.com\/de\/nutzungsbedingungen\/","url":"https:\/\/sofdi-group.com\/de\/nutzungsbedingungen\/","name":"Bedingungen f\u00fcr die Nutzung | SOFDI Group","isPartOf":{"@id":"https:\/\/sofdi-group.com\/de\/#website"},"datePublished":"2022-04-26T14:48:00+00:00","dateModified":"2024-05-16T13:16:01+00:00","description":"Hier finden Sie die Allgemeinen Nutzungsbedingungen (ANB) von SOFDI, die den Zugang und die Nutzung von sofdi-group.com regeln. Informieren Sie sich \u00fcber die rechtlichen Hinweise, die Datenerhebung sowie die Rechte und Pflichten der Nutzer.","breadcrumb":{"@id":"https:\/\/sofdi-group.com\/de\/nutzungsbedingungen\/#breadcrumb"},"inLanguage":"de-DE","potentialAction":[{"@type":"ReadAction","target":["https:\/\/sofdi-group.com\/de\/nutzungsbedingungen\/"]}]},{"@type":"BreadcrumbList","@id":"https:\/\/sofdi-group.com\/de\/nutzungsbedingungen\/#breadcrumb","itemListElement":[{"@type":"ListItem","position":1,"name":"Home","item":"https:\/\/sofdi-group.com\/de\/"},{"@type":"ListItem","position":2,"name":"Bedingungen f\u00fcr die Nutzung"}]},{"@type":"WebSite","@id":"https:\/\/sofdi-group.com\/de\/#website","url":"https:\/\/sofdi-group.com\/de\/","name":"SOFDI Group","description":"","publisher":{"@id":"https:\/\/sofdi-group.com\/de\/#organization"},"potentialAction":[{"@type":"SearchAction","target":{"@type":"EntryPoint","urlTemplate":"https:\/\/sofdi-group.com\/de\/?s={search_term_string}"},"query-input":{"@type":"PropertyValueSpecification","valueRequired":true,"valueName":"search_term_string"}}],"inLanguage":"de-DE"},{"@type":"Organization","@id":"https:\/\/sofdi-group.com\/de\/#organization","name":"SOFDI Group","url":"https:\/\/sofdi-group.com\/de\/","logo":{"@type":"ImageObject","inLanguage":"de-DE","@id":"https:\/\/sofdi-group.com\/de\/#\/schema\/logo\/image\/","url":"https:\/\/sofdi-group.com\/wp-content\/uploads\/2023\/01\/Logo_SOFDI-small-1-e1675164519441.png","contentUrl":"https:\/\/sofdi-group.com\/wp-content\/uploads\/2023\/01\/Logo_SOFDI-small-1-e1675164519441.png","width":185,"height":47,"caption":"SOFDI Group"},"image":{"@id":"https:\/\/sofdi-group.com\/de\/#\/schema\/logo\/image\/"}}]}},"_links":{"self":[{"href":"https:\/\/sofdi-group.com\/de\/wp-json\/wp\/v2\/pages\/3299","targetHints":{"allow":["GET"]}}],"collection":[{"href":"https:\/\/sofdi-group.com\/de\/wp-json\/wp\/v2\/pages"}],"about":[{"href":"https:\/\/sofdi-group.com\/de\/wp-json\/wp\/v2\/types\/page"}],"author":[{"embeddable":true,"href":"https:\/\/sofdi-group.com\/de\/wp-json\/wp\/v2\/users\/1"}],"replies":[{"embeddable":true,"href":"https:\/\/sofdi-group.com\/de\/wp-json\/wp\/v2\/comments?post=3299"}],"version-history":[{"count":6,"href":"https:\/\/sofdi-group.com\/de\/wp-json\/wp\/v2\/pages\/3299\/revisions"}],"predecessor-version":[{"id":3741,"href":"https:\/\/sofdi-group.com\/de\/wp-json\/wp\/v2\/pages\/3299\/revisions\/3741"}],"wp:attachment":[{"href":"https:\/\/sofdi-group.com\/de\/wp-json\/wp\/v2\/media?parent=3299"}],"curies":[{"name":"wp","href":"https:\/\/api.w.org\/{rel}","templated":true}]}}